{"id":8436,"date":"2022-06-22T12:17:39","date_gmt":"2022-06-22T12:17:39","guid":{"rendered":"https:\/\/2coders.atlantidasubmarine.com\/das-u-boot\/"},"modified":"2022-08-06T12:15:36","modified_gmt":"2022-08-06T12:15:36","slug":"das-u-boot","status":"publish","type":"page","link":"https:\/\/atlantidasubmarine.com\/de\/das-u-boot\/","title":{"rendered":"Das U-Boot"},"content":{"rendered":"[vc_row type=&#8221;full_width_background&#8221; full_screen_row_position=&#8221;middle&#8221; equal_height=&#8221;yes&#8221; content_placement=&#8221;middle&#8221; column_margin=&#8221;default&#8221; bg_color=&#8221;#2556a9&#8243; scene_position=&#8221;center&#8221; text_color=&#8221;light&#8221; text_align=&#8221;left&#8221; top_padding=&#8221;5%&#8221; id=&#8221;discover&#8221; overlay_strength=&#8221;0.3&#8243; shape_divider_position=&#8221;bottom&#8221; bg_image_animation=&#8221;none&#8221; shape_type=&#8221;&#8221;][vc_column column_padding=&#8221;no-extra-padding&#8221; column_padding_position=&#8221;all&#8221; background_color_opacity=&#8221;1&#8243; background_hover_color_opacity=&#8221;1&#8243; column_link_target=&#8221;_self&#8221; column_shadow=&#8221;none&#8221; column_border_radius=&#8221;none&#8221; width=&#8221;1\/1&#8243; tablet_width_inherit=&#8221;default&#8221; tablet_text_alignment=&#8221;default&#8221; phone_text_alignment=&#8221;default&#8221; overlay_strength=&#8221;0.3&#8243; column_border_width=&#8221;none&#8221; column_border_style=&#8221;solid&#8221; bg_image_animation=&#8221;none&#8221;][vc_row_inner column_margin=&#8221;default&#8221; bottom_padding=&#8221;20&#8243; text_align=&#8221;left&#8221; css=&#8221;.vc_custom_1624612419058{margin-right: -1px !important;}&#8221;][vc_column_inner column_padding=&#8221;no-extra-padding&#8221; column_padding_position=&#8221;all&#8221; background_color_opacity=&#8221;1&#8243; background_hover_color_opacity=&#8221;1&#8243; column_shadow=&#8221;none&#8221; column_border_radius=&#8221;none&#8221; column_link_target=&#8221;_self&#8221; width=&#8221;1\/1&#8243; tablet_width_inherit=&#8221;default&#8221; overlay_strength=&#8221;0.3&#8243; column_border_width=&#8221;none&#8221; column_border_style=&#8221;solid&#8221; bg_image_animation=&#8221;none&#8221; enable_animation=&#8221;true&#8221; animation=&#8221;fade-in-from-left&#8221;][vc_column_text]\n<h1 style=\"text-align: center;\">Willkommen im U-Boot<\/h1>\n[\/vc_column_text][divider line_type=&#8221;No Line&#8221; custom_height=&#8221;20&#8243;][vc_column_text]\n<h3 class=\"p1\" style=\"text-align: center;\"><strong>Golden Shark<\/strong> ist ein in Finnland hergestelltes U-Boot, das speziell f\u00fcr den Tourismus entwickelt wurde. Mit einer Kapazit\u00e4t von 44 Passagieren kann es bis zu einer maximalen Tiefe von 75 Metern tauchen und sich mit einer Geschwindigkeit von 3 Knoten pro Stunde fortbewegen.<\/h3>\n[\/vc_column_text][\/vc_column_inner][\/vc_row_inner][\/vc_column][\/vc_row][vc_row type=&#8221;full_width_background&#8221; full_screen_row_position=&#8221;middle&#8221; equal_height=&#8221;yes&#8221; column_margin=&#8221;default&#8221; bg_image=&#8221;6241&#8243; bg_position=&#8221;left top&#8221; bg_repeat=&#8221;no-repeat&#8221; bg_color=&#8221;#2556a9&#8243; scene_position=&#8221;center&#8221; text_color=&#8221;light&#8221; text_align=&#8221;center&#8221; enable_gradient=&#8221;true&#8221; color_overlay=&#8221;#2858a7&#8243; color_overlay_2=&#8221;rgba(40,88,167,0.4)&#8221; gradient_direction=&#8221;top_to_bottom&#8221; overlay_strength=&#8221;0.5&#8243; shape_divider_position=&#8221;bottom&#8221; bg_image_animation=&#8221;none&#8221; shape_type=&#8221;&#8221;][vc_column centered_text=&#8221;true&#8221; column_padding=&#8221;no-extra-padding&#8221; column_padding_position=&#8221;all&#8221; background_color_opacity=&#8221;1&#8243; background_hover_color_opacity=&#8221;1&#8243; column_link_target=&#8221;_self&#8221; column_shadow=&#8221;none&#8221; column_border_radius=&#8221;none&#8221; width=&#8221;1\/1&#8243; tablet_width_inherit=&#8221;default&#8221; tablet_text_alignment=&#8221;default&#8221; phone_text_alignment=&#8221;default&#8221; overlay_strength=&#8221;0.3&#8243; column_border_width=&#8221;none&#8221; column_border_style=&#8221;solid&#8221; bg_image_animation=&#8221;none&#8221;][vc_row_inner column_margin=&#8221;default&#8221; top_padding=&#8221;60&#8243; text_align=&#8221;center&#8221;][vc_column_inner column_padding=&#8221;no-extra-padding&#8221; column_padding_position=&#8221;all&#8221; background_color_opacity=&#8221;1&#8243; background_hover_color_opacity=&#8221;1&#8243; column_shadow=&#8221;none&#8221; column_border_radius=&#8221;none&#8221; column_link_target=&#8221;_self&#8221; width=&#8221;2\/3&#8243; tablet_width_inherit=&#8221;default&#8221; overlay_strength=&#8221;0.3&#8243; column_border_width=&#8221;none&#8221; column_border_style=&#8221;solid&#8221; bg_image_animation=&#8221;none&#8221;][image_with_animation image_url=&#8221;9159&#8243; alignment=&#8221;&#8221; animation=&#8221;Fade In&#8221; hover_animation=&#8221;none&#8221; border_radius=&#8221;none&#8221; box_shadow=&#8221;none&#8221; image_loading=&#8221;default&#8221; max_width=&#8221;none&#8221; max_width_mobile=&#8221;default&#8221; delay=&#8221;500&#8243;][\/vc_column_inner][vc_column_inner column_padding=&#8221;no-extra-padding&#8221; column_padding_position=&#8221;all&#8221; background_color_opacity=&#8221;1&#8243; background_hover_color_opacity=&#8221;1&#8243; column_shadow=&#8221;none&#8221; column_border_radius=&#8221;none&#8221; bottom_margin=&#8221;-100&#8243; column_link_target=&#8221;_self&#8221; width=&#8221;1\/3&#8243; tablet_width_inherit=&#8221;default&#8221; overlay_strength=&#8221;0.3&#8243; column_border_width=&#8221;none&#8221; column_border_style=&#8221;solid&#8221; bg_image_animation=&#8221;none&#8221; offset=&#8221;vc_col-xs-8&#8243;][image_with_animation image_url=&#8221;9162&#8243; alignment=&#8221;right&#8221; animation=&#8221;Fade In&#8221; hover_animation=&#8221;none&#8221; border_radius=&#8221;none&#8221; box_shadow=&#8221;none&#8221; image_loading=&#8221;default&#8221; max_width=&#8221;none&#8221; max_width_mobile=&#8221;default&#8221; delay=&#8221;500&#8243;][\/vc_column_inner][\/vc_row_inner][vc_column_text]\n<h3 class=\"p1\" style=\"text-align: center;\">Das U-Boot wiegt 103 Tonnen, hat ein L\u00e4nge von 18 Metern, eine Breite von 4 Metern und wird von 6 hochmodernen Elektromotoren mit je 20 PS angetrieben.<\/h3>\n[\/vc_column_text][divider line_type=&#8221;No Line&#8221; custom_height=&#8221;50&#8243;][vc_row_inner column_margin=&#8221;default&#8221; top_padding=&#8221;-10%&#8221; text_align=&#8221;left&#8221;][vc_column_inner column_padding=&#8221;no-extra-padding&#8221; column_padding_position=&#8221;all&#8221; background_color_opacity=&#8221;1&#8243; background_hover_color_opacity=&#8221;1&#8243; column_shadow=&#8221;none&#8221; column_border_radius=&#8221;none&#8221; column_link_target=&#8221;_self&#8221; width=&#8221;1\/1&#8243; tablet_width_inherit=&#8221;default&#8221; overlay_strength=&#8221;0.3&#8243; column_border_width=&#8221;none&#8221; column_border_style=&#8221;solid&#8221; bg_image_animation=&#8221;none&#8221;][image_with_animation image_url=&#8221;9168&#8243; alignment=&#8221;&#8221; animation=&#8221;Fade In From Left&#8221; hover_animation=&#8221;none&#8221; border_radius=&#8221;none&#8221; box_shadow=&#8221;none&#8221; image_loading=&#8221;default&#8221; max_width=&#8221;100%&#8221; max_width_mobile=&#8221;default&#8221; delay=&#8221;500&#8243;][divider line_type=&#8221;No Line&#8221; custom_height=&#8221;60&#8243;][vc_column_text]\n<h3 class=\"p1\" style=\"text-align: center;\">Diese Eigenschaften verleihen dem U-Boot eine gro\u00dfe Man\u00f6vrierf\u00e4higkeit, w\u00e4hrend sie keinerlei Verschmutzung erzeugen und sich perfekt f\u00fcr die Navigation im Unterwasserpark La Atl\u00e1ntida eignen. Der Unterwasserpark wurde speziell f\u00fcr die Erholung des Meereslebens konzipiert und an die Gr\u00f6\u00dfe und das Volumen der Golden Shark angepasst.<\/h3>\n[\/vc_column_text][divider line_type=&#8221;No Line&#8221; custom_height=&#8221;50&#8243;][image_with_animation image_url=&#8221;9165&#8243; alignment=&#8221;&#8221; animation=&#8221;Fade In From Right&#8221; hover_animation=&#8221;none&#8221; border_radius=&#8221;none&#8221; box_shadow=&#8221;none&#8221; image_loading=&#8221;default&#8221; max_width=&#8221;100%&#8221; max_width_mobile=&#8221;default&#8221; delay=&#8221;500&#8243;][divider line_type=&#8221;No Line&#8221; custom_height=&#8221;60&#8243;][\/vc_column_inner][\/vc_row_inner][vc_column_text]\n<h3 class=\"p1\" style=\"text-align: center;\">Au\u00dferdem hat das U-Boot auch 22 gro\u00dfe Bullaugen (11 auf jeder Seite) mit einer Dicke von jeweils 120 Millimetern, wodurch es den Passagieren eine hervorragende Sicht auf den Meeresboden von La Atl\u00e1ntida verleiht, dessen maximale Tiefe 25 Meter nicht \u00fcberschreitet.<\/h3>\n[\/vc_column_text][divider line_type=&#8221;No Line&#8221; custom_height=&#8221;50&#8243;][vc_row_inner equal_height=&#8221;yes&#8221; content_placement=&#8221;top&#8221; column_margin=&#8221;default&#8221; text_align=&#8221;left&#8221;][vc_column_inner column_padding=&#8221;no-extra-padding&#8221; column_padding_position=&#8221;all&#8221; centered_text=&#8221;true&#8221; background_color_opacity=&#8221;1&#8243; background_hover_color_opacity=&#8221;1&#8243; font_color=&#8221;#ffffff&#8221; column_shadow=&#8221;none&#8221; column_border_radius=&#8221;none&#8221; bottom_margin=&#8221;40&#8243; column_link_target=&#8221;_self&#8221; width=&#8221;1\/4&#8243; tablet_width_inherit=&#8221;default&#8221; overlay_strength=&#8221;0.3&#8243; column_border_width=&#8221;none&#8221; column_border_style=&#8221;solid&#8221; bg_image_animation=&#8221;none&#8221; offset=&#8221;vc_col-xs-8&#8243;][image_with_animation image_url=&#8221;9171&#8243; alignment=&#8221;&#8221; animation=&#8221;Fade In&#8221; hover_animation=&#8221;none&#8221; border_radius=&#8221;none&#8221; box_shadow=&#8221;none&#8221; image_loading=&#8221;default&#8221; max_width=&#8221;100%&#8221; max_width_mobile=&#8221;default&#8221;][\/vc_column_inner][vc_column_inner column_padding=&#8221;no-extra-padding&#8221; column_padding_position=&#8221;all&#8221; background_color_opacity=&#8221;1&#8243; background_hover_color_opacity=&#8221;1&#8243; column_shadow=&#8221;none&#8221; column_border_radius=&#8221;none&#8221; column_link_target=&#8221;_self&#8221; width=&#8221;1\/12&#8243; tablet_width_inherit=&#8221;default&#8221; overlay_strength=&#8221;0.3&#8243; column_border_width=&#8221;none&#8221; column_border_style=&#8221;solid&#8221; bg_image_animation=&#8221;none&#8221;][\/vc_column_inner][vc_column_inner column_padding=&#8221;no-extra-padding&#8221; column_padding_position=&#8221;all&#8221; centered_text=&#8221;true&#8221; background_color_opacity=&#8221;1&#8243; background_hover_color_opacity=&#8221;1&#8243; column_shadow=&#8221;none&#8221; column_border_radius=&#8221;none&#8221; bottom_margin=&#8221;40&#8243; column_link_target=&#8221;_self&#8221; width=&#8221;1\/4&#8243; tablet_width_inherit=&#8221;default&#8221; overlay_strength=&#8221;0.3&#8243; column_border_width=&#8221;none&#8221; column_border_style=&#8221;solid&#8221; bg_image_animation=&#8221;none&#8221; offset=&#8221;vc_col-xs-8&#8243;][image_with_animation image_url=&#8221;9174&#8243; alignment=&#8221;&#8221; animation=&#8221;Fade In&#8221; hover_animation=&#8221;none&#8221; border_radius=&#8221;none&#8221; box_shadow=&#8221;none&#8221; image_loading=&#8221;default&#8221; max_width=&#8221;100%&#8221; max_width_mobile=&#8221;default&#8221;][\/vc_column_inner][vc_column_inner column_padding=&#8221;no-extra-padding&#8221; column_padding_position=&#8221;all&#8221; background_color_opacity=&#8221;1&#8243; background_hover_color_opacity=&#8221;1&#8243; column_shadow=&#8221;none&#8221; column_border_radius=&#8221;none&#8221; column_link_target=&#8221;_self&#8221; width=&#8221;1\/6&#8243; tablet_width_inherit=&#8221;default&#8221; overlay_strength=&#8221;0.3&#8243; column_border_width=&#8221;none&#8221; column_border_style=&#8221;solid&#8221; bg_image_animation=&#8221;none&#8221;][\/vc_column_inner][vc_column_inner column_padding=&#8221;no-extra-padding&#8221; column_padding_position=&#8221;all&#8221; centered_text=&#8221;true&#8221; background_color_opacity=&#8221;1&#8243; background_hover_color_opacity=&#8221;1&#8243; column_shadow=&#8221;none&#8221; column_border_radius=&#8221;none&#8221; column_link_target=&#8221;_self&#8221; width=&#8221;1\/4&#8243; tablet_width_inherit=&#8221;default&#8221; overlay_strength=&#8221;0.3&#8243; column_border_width=&#8221;none&#8221; column_border_style=&#8221;solid&#8221; bg_image_animation=&#8221;none&#8221; offset=&#8221;vc_col-xs-8&#8243;][image_with_animation image_url=&#8221;9177&#8243; alignment=&#8221;&#8221; animation=&#8221;Fade In&#8221; hover_animation=&#8221;none&#8221; border_radius=&#8221;none&#8221; box_shadow=&#8221;none&#8221; image_loading=&#8221;default&#8221; max_width=&#8221;100%&#8221; max_width_mobile=&#8221;default&#8221;][\/vc_column_inner][\/vc_row_inner][divider line_type=&#8221;No Line&#8221; custom_height=&#8221;60&#8243;][\/vc_column][\/vc_row][vc_row type=&#8221;full_width_content&#8221; full_screen_row_position=&#8221;middle&#8221; equal_height=&#8221;yes&#8221; content_placement=&#8221;middle&#8221; column_margin=&#8221;default&#8221; bg_image=&#8221;6241&#8243; bg_position=&#8221;center top&#8221; bg_repeat=&#8221;no-repeat&#8221; bg_color=&#8221;#2556a9&#8243; scene_position=&#8221;center&#8221; text_color=&#8221;light&#8221; text_align=&#8221;left&#8221; top_padding=&#8221;5%&#8221; zindex=&#8221;-50&#8243; id=&#8221;discover&#8221; disable_element=&#8221;yes&#8221; color_overlay=&#8221;#2858a7&#8243; overlay_strength=&#8221;0.5&#8243; enable_shape_divider=&#8221;true&#8221; shape_divider_color=&#8221;#2858a7&#8243; shape_divider_position=&#8221;both&#8221; shape_divider_height=&#8221;50&#8243; shape_divider_bring_to_front=&#8221;true&#8221; bg_image_animation=&#8221;none&#8221; shape_type=&#8221;curve_opacity&#8221;][vc_column centered_text=&#8221;true&#8221; column_padding=&#8221;no-extra-padding&#8221; column_padding_position=&#8221;all&#8221; background_color_opacity=&#8221;1&#8243; background_hover_color_opacity=&#8221;1&#8243; column_link_target=&#8221;_self&#8221; column_shadow=&#8221;none&#8221; column_border_radius=&#8221;none&#8221; width=&#8221;1\/1&#8243; tablet_width_inherit=&#8221;default&#8221; tablet_text_alignment=&#8221;default&#8221; phone_text_alignment=&#8221;default&#8221; overlay_strength=&#8221;0.3&#8243; column_border_width=&#8221;none&#8221; column_border_style=&#8221;solid&#8221; bg_image_animation=&#8221;none&#8221; offset=&#8221;vc_hidden-lg vc_hidden-md&#8221;][vc_row_inner column_margin=&#8221;default&#8221; top_padding=&#8221;10%&#8221; text_align=&#8221;left&#8221;][vc_column_inner column_padding=&#8221;no-extra-padding&#8221; column_padding_position=&#8221;all&#8221; background_color_opacity=&#8221;1&#8243; background_hover_color_opacity=&#8221;1&#8243; column_shadow=&#8221;none&#8221; column_border_radius=&#8221;none&#8221; column_link_target=&#8221;_self&#8221; width=&#8221;1\/1&#8243; tablet_width_inherit=&#8221;default&#8221; overlay_strength=&#8221;0.3&#8243; column_border_width=&#8221;none&#8221; column_border_style=&#8221;solid&#8221; bg_image_animation=&#8221;none&#8221; offset=&#8221;vc_hidden-lg vc_hidden-md&#8221;][image_with_animation image_url=&#8221;7236&#8243; alignment=&#8221;center&#8221; animation=&#8221;Fade In&#8221; hover_animation=&#8221;none&#8221; border_radius=&#8221;none&#8221; box_shadow=&#8221;none&#8221; image_loading=&#8221;default&#8221; max_width=&#8221;100%&#8221; max_width_mobile=&#8221;default&#8221;][divider line_type=&#8221;No Line&#8221; custom_height=&#8221;100&#8243;][\/vc_column_inner][\/vc_row_inner][\/vc_column][\/vc_row][vc_row type=&#8221;full_width_background&#8221; full_screen_row_position=&#8221;middle&#8221; column_margin=&#8221;default&#8221; bg_image=&#8221;513&#8243; bg_position=&#8221;center bottom&#8221; bg_repeat=&#8221;no-repeat&#8221; bg_color=&#8221;#2858a7&#8243; scene_position=&#8221;center&#8221; text_color=&#8221;light&#8221; text_align=&#8221;left&#8221; top_padding=&#8221;15%&#8221; bottom_padding=&#8221;5%&#8221; disable_element=&#8221;yes&#8221; overlay_strength=&#8221;0.8&#8243; shape_divider_position=&#8221;bottom&#8221; bg_image_animation=&#8221;none&#8221; shape_type=&#8221;&#8221;][vc_column column_padding=&#8221;no-extra-padding&#8221; column_padding_position=&#8221;all&#8221; background_color_opacity=&#8221;1&#8243; background_hover_color_opacity=&#8221;1&#8243; column_link_target=&#8221;_self&#8221; column_shadow=&#8221;none&#8221; column_border_radius=&#8221;none&#8221; top_margin=&#8221;-60&#8243; width=&#8221;1\/1&#8243; tablet_width_inherit=&#8221;default&#8221; tablet_text_alignment=&#8221;default&#8221; phone_text_alignment=&#8221;default&#8221; overlay_strength=&#8221;0.3&#8243; column_border_width=&#8221;none&#8221; column_border_style=&#8221;solid&#8221; bg_image_animation=&#8221;none&#8221;][divider line_type=&#8221;No Line&#8221; custom_height=&#8221;300&#8243;][\/vc_column][\/vc_row][vc_row type=&#8221;full_width_background&#8221; full_screen_row_position=&#8221;middle&#8221; equal_height=&#8221;yes&#8221; column_margin=&#8221;20px&#8221; bg_color=&#8221;#f6f6f6&#8243; scene_position=&#8221;center&#8221; text_color=&#8221;dark&#8221; text_align=&#8221;left&#8221; top_padding=&#8221;30&#8243; bottom_padding=&#8221;30&#8243; overlay_strength=&#8221;0.3&#8243; shape_divider_position=&#8221;bottom&#8221; bg_image_animation=&#8221;fade-in&#8221; shape_type=&#8221;&#8221;][vc_column column_padding=&#8221;no-extra-padding&#8221; column_padding_position=&#8221;all&#8221; background_color_opacity=&#8221;1&#8243; background_hover_color_opacity=&#8221;1&#8243; column_link_target=&#8221;_self&#8221; column_shadow=&#8221;none&#8221; column_border_radius=&#8221;none&#8221; width=&#8221;1\/1&#8243; tablet_width_inherit=&#8221;default&#8221; tablet_text_alignment=&#8221;default&#8221; phone_text_alignment=&#8221;default&#8221; overlay_strength=&#8221;0.3&#8243; column_border_width=&#8221;none&#8221; column_border_style=&#8221;solid&#8221; bg_image_animation=&#8221;none&#8221;][vc_row_inner equal_height=&#8221;yes&#8221; content_placement=&#8221;top&#8221; column_margin=&#8221;default&#8221; text_align=&#8221;left&#8221;][vc_column_inner background_image=&#8221;7248&#8243; enable_bg_scale=&#8221;true&#8221; column_padding=&#8221;padding-3-percent&#8221; column_padding_position=&#8221;all&#8221; centered_text=&#8221;true&#8221; background_color=&#8221;#2556a9&#8243; background_color_opacity=&#8221;0.2&#8243; background_color_hover=&#8221;#2556a9&#8243; background_hover_color_opacity=&#8221;0.7&#8243; column_shadow=&#8221;none&#8221; column_border_radius=&#8221;none&#8221; column_link_target=&#8221;_self&#8221; width=&#8221;1\/2&#8243; tablet_width_inherit=&#8221;default&#8221; overlay_strength=&#8221;0.3&#8243; column_border_width=&#8221;none&#8221; column_border_style=&#8221;solid&#8221; bg_image_animation=&#8221;none&#8221; column_link=&#8221;\/de\/unterwasserpark-la-atlantida\/&#8221;][divider line_type=&#8221;No Line&#8221; custom_height=&#8221;50&#8243;][vc_custom_heading text=&#8221;EINE NACHHALTIGE UMWELT&#8221; font_container=&#8221;tag:h3|font_size:18|text_align:center|color:%23ffffff&#8221; google_fonts=&#8221;font_family:Montserrat%3Aregular%2C700|font_style:700%20bold%20regular%3A700%3Anormal&#8221; link=&#8221;url:http%3A%2F%2Ftest.atlantidasubmarine.2coders.com%2Fun-entorno-sostenible%2F|title:Eine%20nachhaltige%20Umgebung|&#8221;][divider line_type=&#8221;No Line&#8221; custom_height=&#8221;50&#8243;][\/vc_column_inner][vc_column_inner background_image=&#8221;7208&#8243; enable_bg_scale=&#8221;true&#8221; column_padding=&#8221;padding-3-percent&#8221; column_padding_position=&#8221;all&#8221; centered_text=&#8221;true&#8221; background_color=&#8221;#2556a9&#8243; background_color_opacity=&#8221;0.2&#8243; background_color_hover=&#8221;#2556a9&#8243; background_hover_color_opacity=&#8221;0.7&#8243; column_shadow=&#8221;none&#8221; column_border_radius=&#8221;none&#8221; column_link_target=&#8221;_self&#8221; width=&#8221;1\/2&#8243; tablet_width_inherit=&#8221;default&#8221; color_overlay=&#8221;#2556a9&#8243; overlay_strength=&#8221;0.3&#8243; column_border_width=&#8221;none&#8221; column_border_style=&#8221;solid&#8221; bg_image_animation=&#8221;none&#8221; column_link=&#8221;\/de\/boarding-tipps\/&#8221;][divider line_type=&#8221;No Line&#8221; custom_height=&#8221;50&#8243;][vc_custom_heading text=&#8221;UNSERE BOARDING-TIPPS&#8221; font_container=&#8221;tag:h3|font_size:18|text_align:center|color:%23ffffff&#8221; google_fonts=&#8221;font_family:Montserrat%3Aregular%2C700|font_style:700%20bold%20regular%3A700%3Anormal&#8221;][divider line_type=&#8221;No Line&#8221; custom_height=&#8221;50&#8243;][\/vc_column_inner][\/vc_row_inner][\/vc_column][\/vc_row]\n","protected":false},"excerpt":{"rendered":"<p>[vc_row type=&#8221;full_width_background&#8221; full_screen_row_position=&#8221;middle&#8221; equal_height=&#8221;yes&#8221; content_placement=&#8221;middle&#8221; column_margin=&#8221;default&#8221; bg_color=&#8221;#2556a9&#8243; scene_position=&#8221;center&#8221; text_color=&#8221;light&#8221; text_align=&#8221;left&#8221; top_padding=&#8221;5%&#8221; id=&#8221;discover&#8221; overlay_strength=&#8221;0.3&#8243; shape_divider_position=&#8221;bottom&#8221; bg_image_animation=&#8221;none&#8221; shape_type=&#8221;&#8221;][vc_column column_padding=&#8221;no-extra-padding&#8221; column_padding_position=&#8221;all&#8221; background_color_opacity=&#8221;1&#8243; background_hover_color_opacity=&#8221;1&#8243; column_link_target=&#8221;_self&#8221; column_shadow=&#8221;none&#8221; column_border_radius=&#8221;none&#8221; width=&#8221;1\/1&#8243; tablet_width_inherit=&#8221;default&#8221; tablet_text_alignment=&#8221;default&#8221; phone_text_alignment=&#8221;default&#8221; overlay_strength=&#8221;0.3&#8243; column_border_width=&#8221;none&#8221; column_border_style=&#8221;solid&#8221;&#8230;<\/p>\n","protected":false},"author":1,"featured_media":0,"parent":0,"menu_order":2,"comment_status":"closed","ping_status":"closed","template":"","meta":{"om_disable_all_campaigns":false,"footnotes":""},"class_list":["post-8436","page","type-page","status-publish"],"_links":{"self":[{"href":"https:\/\/atlantidasubmarine.com\/de\/wp-json\/wp\/v2\/pages\/8436","targetHints":{"allow":["GET"]}}],"collection":[{"href":"https:\/\/atlantidasubmarine.com\/de\/wp-json\/wp\/v2\/pages"}],"about":[{"href":"https:\/\/atlantidasubmarine.com\/de\/wp-json\/wp\/v2\/types\/page"}],"author":[{"embeddable":true,"href":"https:\/\/atlantidasubmarine.com\/de\/wp-json\/wp\/v2\/users\/1"}],"replies":[{"embeddable":true,"href":"https:\/\/atlantidasubmarine.com\/de\/wp-json\/wp\/v2\/comments?post=8436"}],"version-history":[{"count":13,"href":"https:\/\/atlantidasubmarine.com\/de\/wp-json\/wp\/v2\/pages\/8436\/revisions"}],"predecessor-version":[{"id":9215,"href":"https:\/\/atlantidasubmarine.com\/de\/wp-json\/wp\/v2\/pages\/8436\/revisions\/9215"}],"wp:attachment":[{"href":"https:\/\/atlantidasubmarine.com\/de\/wp-json\/wp\/v2\/media?parent=8436"}],"curies":[{"name":"wp","href":"https:\/\/api.w.org\/{rel}","templated":true}]}}