{"id":8455,"date":"2022-06-22T13:53:56","date_gmt":"2022-06-22T13:53:56","guid":{"rendered":"https:\/\/2coders.atlantidasubmarine.com\/kontakt\/"},"modified":"2022-10-20T16:04:25","modified_gmt":"2022-10-20T16:04:25","slug":"kontakt","status":"publish","type":"page","link":"https:\/\/atlantidasubmarine.com\/de\/kontakt\/","title":{"rendered":"Kontakt"},"content":{"rendered":"[vc_row type=&#8221;full_width_background&#8221; full_screen_row_position=&#8221;middle&#8221; column_margin=&#8221;default&#8221; bg_color=&#8221;#f9f9f9&#8243; scene_position=&#8221;center&#8221; text_color=&#8221;dark&#8221; text_align=&#8221;left&#8221; top_padding=&#8221;5%&#8221; zindex=&#8221;100&#8243; overlay_strength=&#8221;0.3&#8243; shape_divider_position=&#8221;bottom&#8221; bg_image_animation=&#8221;none&#8221; shape_type=&#8221;&#8221;][vc_column column_padding=&#8221;no-extra-padding&#8221; column_padding_position=&#8221;all&#8221; background_color_opacity=&#8221;1&#8243; background_hover_color_opacity=&#8221;1&#8243; column_link_target=&#8221;_self&#8221; column_shadow=&#8221;none&#8221; column_border_radius=&#8221;none&#8221; width=&#8221;1\/1&#8243; tablet_width_inherit=&#8221;default&#8221; tablet_text_alignment=&#8221;default&#8221; phone_text_alignment=&#8221;default&#8221; overlay_strength=&#8221;0.3&#8243; column_border_width=&#8221;none&#8221; column_border_style=&#8221;solid&#8221; bg_image_animation=&#8221;none&#8221;][vc_row_inner equal_height=&#8221;yes&#8221; column_margin=&#8221;default&#8221; bottom_padding=&#8221;0&#8243; text_align=&#8221;left&#8221; css=&#8221;.vc_custom_1653389526917{margin-top: 0px !important;margin-bottom: 0px !important;padding-top: 40px !important;padding-right: 40px !important;padding-bottom: 40px !important;padding-left: 40px !important;}&#8221;][vc_column_inner column_padding=&#8221;no-extra-padding&#8221; column_padding_position=&#8221;all&#8221; background_color_opacity=&#8221;1&#8243; background_hover_color_opacity=&#8221;1&#8243; column_shadow=&#8221;none&#8221; column_border_radius=&#8221;none&#8221; column_link_target=&#8221;_self&#8221; el_class=&#8221;contact-form-box&#8221; width=&#8221;1\/2&#8243; tablet_width_inherit=&#8221;default&#8221; overlay_strength=&#8221;0.3&#8243; column_border_width=&#8221;none&#8221; column_border_style=&#8221;solid&#8221; bg_image_animation=&#8221;none&#8221;][image_with_animation image_url=&#8221;7541&#8243; alignment=&#8221;center&#8221; animation=&#8221;Fade In&#8221; hover_animation=&#8221;none&#8221; border_radius=&#8221;none&#8221; box_shadow=&#8221;none&#8221; image_loading=&#8221;default&#8221; max_width=&#8221;100%&#8221; max_width_mobile=&#8221;default&#8221;][\/vc_column_inner][vc_column_inner column_padding=&#8221;padding-5-percent&#8221; column_padding_position=&#8221;all&#8221; background_color=&#8221;#ffffff&#8221; background_color_opacity=&#8221;1&#8243; background_hover_color_opacity=&#8221;1&#8243; column_shadow=&#8221;none&#8221; column_border_radius=&#8221;none&#8221; bottom_margin=&#8221;0&#8243; column_link_target=&#8221;_self&#8221; width=&#8221;1\/2&#8243; tablet_width_inherit=&#8221;default&#8221; overlay_strength=&#8221;0.3&#8243; column_border_width=&#8221;none&#8221; column_border_style=&#8221;solid&#8221; bg_image_animation=&#8221;none&#8221; enable_animation=&#8221;true&#8221; animation=&#8221;fade-in-from-bottom&#8221;][vc_column_text css=&#8221;.vc_custom_1666281862245{margin-top: 0px !important;margin-bottom: 0px !important;border-top-width: 0px !important;border-bottom-width: 0px !important;padding-top: 0px !important;padding-bottom: 0px !important;}&#8221;]\n<h4 class=\"vc_custom_heading vc_custom_1650444372063\">web@atlantidasubmarine.com<br \/>\n+34 928 565 108<\/h4>\n<div class=\"wpb_text_column wpb_content_element vc_custom_1658848691201\">\n<div class=\"wpb_wrapper\">\n<div class=\"wpb_text_column wpb_content_element vc_custom_1593604712877\">\n<div class=\"wpb_wrapper\">\n<p class=\"p1\">Montag &#8211; Freitag: 09.00 &#8211; 18.00 h<br \/>\nSamstag &amp; Sonntag: 10.00 &#8211; 16.00 h (GMT)<\/p>\n<\/div>\n<\/div>\n<\/div>\n<\/div>\n<p style=\"text-align: center;\">\n<div class=\"wpcf7 no-js\" id=\"wpcf7-f8697-o1\" lang=\"de-DE\" dir=\"ltr\" data-wpcf7-id=\"8697\">\n<div class=\"screen-reader-response\"><p role=\"status\" aria-live=\"polite\" aria-atomic=\"true\"><\/p> <ul><\/ul><\/div>\n<form action=\"\/de\/wp-json\/wp\/v2\/pages\/8455#wpcf7-f8697-o1\" method=\"post\" class=\"wpcf7-form init wpcf7-acceptance-as-validation\" aria-label=\"Kontaktformular\" novalidate=\"novalidate\" data-status=\"init\">\n<fieldset class=\"hidden-fields-container\"><input type=\"hidden\" name=\"_wpcf7\" value=\"8697\" \/><input type=\"hidden\" name=\"_wpcf7_version\" value=\"6.1.4\" \/><input type=\"hidden\" name=\"_wpcf7_locale\" value=\"de_DE\" \/><input type=\"hidden\" name=\"_wpcf7_unit_tag\" value=\"wpcf7-f8697-o1\" \/><input type=\"hidden\" name=\"_wpcf7_container_post\" value=\"0\" \/><input type=\"hidden\" name=\"_wpcf7_posted_data_hash\" value=\"\" \/><input type=\"hidden\" name=\"_wpcf7_recaptcha_response\" value=\"\" \/>\n<\/fieldset>\n<p><label> Vor- und Nachname (*)<br \/>\n<span class=\"wpcf7-form-control-wrap\" data-name=\"your-name\"><input size=\"40\" maxlength=\"400\" class=\"wpcf7-form-control wpcf7-text wpcf7-validates-as-required\" aria-required=\"true\" aria-invalid=\"false\" value=\"\" type=\"text\" name=\"your-name\" \/><\/span> <\/label>\n<\/p>\n<p><label> Email (*)<br \/>\n<span class=\"wpcf7-form-control-wrap\" data-name=\"your-email\"><input size=\"40\" maxlength=\"400\" class=\"wpcf7-form-control wpcf7-email wpcf7-validates-as-required wpcf7-text wpcf7-validates-as-email\" aria-required=\"true\" aria-invalid=\"false\" value=\"\" type=\"email\" name=\"your-email\" \/><\/span> <\/label>\n<\/p>\n<p><label> Asunto<br \/>\n<span class=\"wpcf7-form-control-wrap\" data-name=\"your-subject\"><input size=\"40\" maxlength=\"400\" class=\"wpcf7-form-control wpcf7-text\" aria-invalid=\"false\" value=\"\" type=\"text\" name=\"your-subject\" \/><\/span> <\/label>\n<\/p>\n<p><label> Mensaje<br \/>\n<span class=\"wpcf7-form-control-wrap\" data-name=\"your-message\"><textarea cols=\"40\" rows=\"10\" maxlength=\"2000\" class=\"wpcf7-form-control wpcf7-textarea\" aria-invalid=\"false\" name=\"your-message\"><\/textarea><\/span> <\/label>\n<\/p>\n<p><span class=\"wpcf7-form-control-wrap\" data-name=\"term_and_conditions\"><span class=\"wpcf7-form-control wpcf7-acceptance\"><span class=\"wpcf7-list-item\"><label><input type=\"checkbox\" name=\"term_and_conditions\" value=\"1\" class=\"required\" aria-invalid=\"false\" \/><span class=\"wpcf7-list-item-label\">Ich habe die <a href=\"\/politica-privacidad\/\"><u>Datenschutzerkl\u00e4rung<\/u><\/a> gelesen und akzeptiere sie<\/span><\/label><\/span><\/span><\/span>\n<\/p>\n<p style=\"font-size:11px;\">ATLANTIDA SUBMARINE, S.L., mit C.I.F. B-35454529, informiert Sie in \u00dcbereinstimmung mit den Artikeln 12 und 13 der europ\u00e4ischen Datenschutzverordnung 679\/2016 vom 27. April (RGPD) und den Artikeln 5, 6 und 11 des Organgesetzes 3\/2018 vom 5. Dezember \u00fcber den Schutz personenbezogener Daten und die Gew\u00e4hrleistung digitaler Rechte (LOPDGDD) bez\u00fcglich der Verarbeitung und der Geheimhaltungspflicht, dass die personenbezogenen Daten, die Sie uns zur Verf\u00fcgung gestellt haben, von ATLANTIDA SUBMARINE, S.L. verarbeitet werden, als f\u00fcr die Datenverarbeitung Verantwortlicher zum Zwecke der Gesch\u00e4ftsbeziehungen, zur Erf\u00fcllung der Verpflichtungen zwischen den Parteien, zur Verwaltung im Zusammenhang mit der Vorvertrags-\/Vertragsabwicklung, zur Aufrechterhaltung der vorvertraglichen\/vertraglichen Beziehung und zur internen Unternehmens-\/Kundenverwaltung \/ zum Zwecke der Durchf\u00fchrung aller Verfahren im Zusammenhang mit der eingereichten Anfrage\/Bewerbung.\n<\/p>\n<p style=\"font-size:11px;\">Durch das Lesen und Best\u00e4tigen dieses Dokuments erkl\u00e4ren Sie sich ausdr\u00fccklich damit einverstanden und erm\u00e4chtigen ATLANTIDA SUBMARINE, S.L. zur Verwaltung und Verarbeitung Ihrer pers\u00f6nlichen Daten f\u00fcr die oben genannten Zwecke. Es werden keine Daten an Dritte weitergegeben, au\u00dfer es besteht die gesetzliche Verpflichtung dazu. Die Rechte, die Sie haben, sind das Recht, eine Beschwerde bei einer Aufsichtsbeh\u00f6rde einzureichen, das Recht auf Zugang, Berichtigung, L\u00f6schung, Einschr\u00e4nkung oder Widerspruch gegen die Verarbeitung (ARCO RIGHTS), Transparenz der Informationen, L\u00f6schung (Recht auf Vergessenwerden), \u00dcbertragbarkeit Ihrer pers\u00f6nlichen Daten, nach Beglaubigung ihrer Identit\u00e4t, mittels einer Anfrage\/eines Antrags, die\/der per Post\/E-Mail an die Post-\/E-Mail-Adresse des Unternehmens gesendet wird, mit Adresse in Avenida Explanada del Castillete, Nummer 32 - Playa de Mog\u00e1n, Postleitzahl 35138, Mog\u00e1n - Las Palmas.\n<\/p>\n<p style=\"font-size:11px;\">ATLANTIDA SUBMARINE, S.L. garantiert den Schutz\/Privatisierung Ihrer pers\u00f6nlichen Daten, die ordnungsgem\u00e4\u00dfe Verwendung der pers\u00f6nlichen Informationen, die vollst\u00e4ndige Vertraulichkeit der pers\u00f6nlichen Daten sowie die vollst\u00e4ndige Einhaltung der Verpflichtungen zum Schutz der pers\u00f6nlichen Daten.\n<\/p>\n<p><input class=\"wpcf7-form-control wpcf7-submit has-spinner\" type=\"submit\" value=\"Enviar\" \/>\n<\/p><input type=\"hidden\" id=\"ct_checkjs_cf7_6081594975a764c8e3a691fa2b3a321d\" name=\"ct_checkjs_cf7\" value=\"0\" \/><script >setTimeout(function(){var ct_input_name = \"ct_checkjs_cf7_6081594975a764c8e3a691fa2b3a321d\";if (document.getElementById(ct_input_name) !== null) {var ct_input_value = document.getElementById(ct_input_name).value;document.getElementById(ct_input_name).value = document.getElementById(ct_input_name).value.replace(ct_input_value, '682152244');}}, 1000);<\/script><input\n                    class=\"apbct_special_field apbct_email_id__wp_contact_form_7\"\n                    name=\"apbct__email_id__wp_contact_form_7\"\n                    aria-label=\"apbct__label_id__wp_contact_form_7\"\n                    type=\"text\" size=\"30\" maxlength=\"200\" autocomplete=\"off\"\n                    value=\"\"\n                \/><input type='hidden' class='wpcf7-pum' value='{\"closepopup\":false,\"closedelay\":0,\"openpopup\":false,\"openpopup_id\":0}' \/><div class=\"wpcf7-response-output\" aria-hidden=\"true\"><\/div>\n<\/form>\n<\/div>\n\n[\/vc_column_text][\/vc_column_inner][\/vc_row_inner][\/vc_column][\/vc_row][vc_row type=&#8221;full_width_background&#8221; full_screen_row_position=&#8221;middle&#8221; column_margin=&#8221;default&#8221; bg_image=&#8221;603&#8243; bg_position=&#8221;center center&#8221; bg_repeat=&#8221;no-repeat&#8221; scene_position=&#8221;center&#8221; text_color=&#8221;light&#8221; text_align=&#8221;left&#8221; top_padding=&#8221;20%&#8221; bottom_padding=&#8221;10%&#8221; color_overlay=&#8221;#0a0a0a&#8221; overlay_strength=&#8221;0.5&#8243; shape_divider_position=&#8221;bottom&#8221; bg_image_animation=&#8221;zoom-out-slow&#8221; shape_type=&#8221;&#8221;][vc_column column_padding=&#8221;no-extra-padding&#8221; column_padding_position=&#8221;all&#8221; background_color_opacity=&#8221;1&#8243; background_hover_color_opacity=&#8221;1&#8243; column_link_target=&#8221;_self&#8221; column_shadow=&#8221;none&#8221; column_border_radius=&#8221;none&#8221; width=&#8221;1\/1&#8243; tablet_width_inherit=&#8221;default&#8221; tablet_text_alignment=&#8221;default&#8221; phone_text_alignment=&#8221;default&#8221; overlay_strength=&#8221;0.3&#8243; column_border_width=&#8221;none&#8221; column_border_style=&#8221;solid&#8221; bg_image_animation=&#8221;none&#8221; enable_animation=&#8221;true&#8221; animation=&#8221;fade-in-from-bottom&#8221;][\/vc_column][\/vc_row]\n","protected":false},"excerpt":{"rendered":"<p>[vc_row type=&#8221;full_width_background&#8221; full_screen_row_position=&#8221;middle&#8221; column_margin=&#8221;default&#8221; bg_color=&#8221;#f9f9f9&#8243; scene_position=&#8221;center&#8221; text_color=&#8221;dark&#8221; text_align=&#8221;left&#8221; top_padding=&#8221;5%&#8221; zindex=&#8221;100&#8243; overlay_strength=&#8221;0.3&#8243; shape_divider_position=&#8221;bottom&#8221; bg_image_animation=&#8221;none&#8221; shape_type=&#8221;&#8221;][vc_column column_padding=&#8221;no-extra-padding&#8221; column_padding_position=&#8221;all&#8221; background_color_opacity=&#8221;1&#8243; background_hover_color_opacity=&#8221;1&#8243; column_link_target=&#8221;_self&#8221; column_shadow=&#8221;none&#8221; column_border_radius=&#8221;none&#8221; width=&#8221;1\/1&#8243; tablet_width_inherit=&#8221;default&#8221; tablet_text_alignment=&#8221;default&#8221; phone_text_alignment=&#8221;default&#8221; overlay_strength=&#8221;0.3&#8243; column_border_width=&#8221;none&#8221; column_border_style=&#8221;solid&#8221; bg_image_animation=&#8221;none&#8221;][vc_row_inner equal_height=&#8221;yes&#8221;&#8230;<\/p>\n","protected":false},"author":1,"featured_media":0,"parent":0,"menu_order":10,"comment_status":"closed","ping_status":"closed","template":"","meta":{"om_disable_all_campaigns":false,"footnotes":""},"class_list":["post-8455","page","type-page","status-publish"],"_links":{"self":[{"href":"https:\/\/atlantidasubmarine.com\/de\/wp-json\/wp\/v2\/pages\/8455","targetHints":{"allow":["GET"]}}],"collection":[{"href":"https:\/\/atlantidasubmarine.com\/de\/wp-json\/wp\/v2\/pages"}],"about":[{"href":"https:\/\/atlantidasubmarine.com\/de\/wp-json\/wp\/v2\/types\/page"}],"author":[{"embeddable":true,"href":"https:\/\/atlantidasubmarine.com\/de\/wp-json\/wp\/v2\/users\/1"}],"replies":[{"embeddable":true,"href":"https:\/\/atlantidasubmarine.com\/de\/wp-json\/wp\/v2\/comments?post=8455"}],"version-history":[{"count":4,"href":"https:\/\/atlantidasubmarine.com\/de\/wp-json\/wp\/v2\/pages\/8455\/revisions"}],"predecessor-version":[{"id":9255,"href":"https:\/\/atlantidasubmarine.com\/de\/wp-json\/wp\/v2\/pages\/8455\/revisions\/9255"}],"wp:attachment":[{"href":"https:\/\/atlantidasubmarine.com\/de\/wp-json\/wp\/v2\/media?parent=8455"}],"curies":[{"name":"wp","href":"https:\/\/api.w.org\/{rel}","templated":true}]}}