{"id":8812,"date":"2022-07-07T16:04:14","date_gmt":"2022-07-07T16:04:14","guid":{"rendered":"https:\/\/atlantidasubmarine.com\/cookie-richtlinie\/"},"modified":"2022-07-18T12:24:29","modified_gmt":"2022-07-18T12:24:29","slug":"cookie-richtlinie","status":"publish","type":"page","link":"https:\/\/atlantidasubmarine.com\/de\/cookie-richtlinie\/","title":{"rendered":"Cookie-Richtlinie"},"content":{"rendered":"[vc_row type=&#8221;in_container&#8221; full_screen_row_position=&#8221;middle&#8221; column_margin=&#8221;default&#8221; scene_position=&#8221;center&#8221; text_color=&#8221;dark&#8221; text_align=&#8221;left&#8221; overlay_strength=&#8221;0.3&#8243; shape_divider_position=&#8221;bottom&#8221; bg_image_animation=&#8221;none&#8221;][vc_column column_padding=&#8221;no-extra-padding&#8221; column_padding_position=&#8221;all&#8221; background_color_opacity=&#8221;1&#8243; background_hover_color_opacity=&#8221;1&#8243; column_link_target=&#8221;_self&#8221; column_shadow=&#8221;none&#8221; column_border_radius=&#8221;none&#8221; width=&#8221;1\/1&#8243; tablet_width_inherit=&#8221;default&#8221; tablet_text_alignment=&#8221;default&#8221; phone_text_alignment=&#8221;default&#8221; overlay_strength=&#8221;0.3&#8243; column_border_width=&#8221;none&#8221; column_border_style=&#8221;solid&#8221; bg_image_animation=&#8221;none&#8221;][vc_column_text]\n<h1>Cookie-Richtlinien<\/h1>\n[\/vc_column_text][divider line_type=&#8221;No Line&#8221; custom_height=&#8221;50&#8243;][vc_column_text]<span style=\"font-weight: 400;\">Zur\u00a0Einhaltung der Verpflichtungen gem\u00e4\u00df Artikel 22 Absatz 2 des Gesetzes 34\/2002 vom 11. Juli \u00fcber Dienste der Informationsgesellschaft und des elektronischen Gesch\u00e4ftsverkehrs (im Folgenden LSSI) in Bezug auf die Verordnung (EU) 2016\/ 679 des Europ\u00e4ischen Parlaments und des Rates vom 27. April 2016, Allgemeine Datenschutzbestimmungen (im Folgenden RGPD) und Organgesetz 3\/2018 vom 5. Dezember \u00fcber den Datenschutz und die Gew\u00e4hrleistung digitaler Rechte (im Folgenden LOPDGDD).<\/span><\/p>\n<p><span style=\"font-weight: 400;\">Zugriff auf diese Website von ATLANTIDA SUBMARINE, S.L.<\/span><span style=\"font-weight: 400;\">, <\/span> <span style=\"font-weight: 400;\">kann die Verwendung von Cookies beinhalten. Cookies sind kleine Informationsmengen, die in dem von jedem Benutzer verwendeten Browser \u2013 in den verschiedenen Ger\u00e4ten, die zum Navigieren verwendet werden k\u00f6nnen \u2013 gespeichert werden, damit sich der Server bestimmte Informationen merkt, die sp\u00e4ter und nur von dem Server gelesen werden, der sie implementiert hat. Cookies erleichtern die Navigation, machen sie benutzerfreundlicher und besch\u00e4digen das Navigationsger\u00e4t nicht.<\/span><\/p>\n<p><span style=\"font-weight: 400;\">Cookies sind automatische Verfahren zum Sammeln von Informationen \u00fcber die vom Benutzer w\u00e4hrend seines Besuchs auf der Website festgelegten Pr\u00e4ferenzen, um ihn als Benutzer zu erkennen und seine Erfahrung und Nutzung der Website zu personalisieren, und k\u00f6nnen beispielsweise auch dabei helfen, ihn zu identifizieren und Fehler zu beheben.<\/span><\/p>\n<p><span style=\"font-weight: 400;\">In <\/span><span style=\"font-weight: 400;\">ATLANTIDA SUBMARINE, S.L.<\/span><span style=\"font-weight: 400;\">, verwenden wir Cookies oder andere Dateien mit \u00e4hnlicher Funktionalit\u00e4t (im Folgenden \u201eCookies\u201c), um Ihnen einen besseren Service und ein besseres Surferlebnis zu bieten. <\/span><span style=\"font-weight: 400;\">ATLANTIDA SUBMARINE, S.L.,<\/span><span style=\"font-weight: 400;\"> ist verantwortlich f\u00fcr die Cookies und die Behandlung der durch sie erhaltenen Daten, ob eigene oder von Dritten, und entscheidet \u00fcber Zweck, Inhalt und Verwendung der Behandlung der gesammelten Informationen.<\/span><\/p>\n<p><span style=\"font-weight: 400;\">Das Ziel dieser Richtlinie ist es, Sie klar und detailliert dar\u00fcber zu informieren, was ein Cookie ist, was sein Zweck ist, welche Art von Cookies wir verwenden und wie sie konfiguriert oder gegebenenfalls deaktiviert werden.<\/span><\/p>\n<p><span style=\"font-weight: 400;\">Die durch Cookies gesammelten Informationen k\u00f6nnen das Datum und die Uhrzeit der Besuche auf der Website, die aufgerufenen Seiten, die auf der Website verbrachte Zeit und die kurz davor und danach besuchten Seiten umfassen. Kein Cookie erlaubt es jedoch, die Telefonnummer des Benutzers oder andere pers\u00f6nliche Kontaktm\u00f6glichkeiten zu kontaktieren. Kein Cookie kann Informationen von der Festplatte des Benutzers extrahieren oder pers\u00f6nliche Informationen stehlen. Die privaten Informationen des Benutzers k\u00f6nnen nur Teil der Cookie-Datei werden, wenn der Benutzer diese Informationen pers\u00f6nlich an den Server weitergibt.<\/span><\/p>\n<p><span style=\"font-weight: 400;\">Cookies, die eine Identifizierung einer Person zulassen, gelten als personenbezogene Daten. Daher gilt f\u00fcr sie die oben genannte Datenschutzerkl\u00e4rung. In diesem Sinne ist f\u00fcr die Verwendung derselben die Zustimmung des Benutzers erforderlich. Diese Zustimmung wird auf der Grundlage einer authentischen Entscheidung mitgeteilt, die durch eine bejahende und positive Entscheidung angeboten wird, vor der Erstbehandlung entfernbar ist und dokumentiert wird.<\/span>[\/vc_column_text][divider line_type=&#8221;No Line&#8221; custom_height=&#8221;50&#8243;][vc_column_text]\n<h1>Cookies deaktivieren, ablehnen und l\u00f6schen<\/h1>\n[\/vc_column_text][vc_column_text]<span style=\"font-weight: 400;\">Der Benutzer kann die auf seinem Ger\u00e4t installierten Cookies ganz oder teilweise deaktivieren, ablehnen und l\u00f6schen, indem er seinen Browser (darunter beispielsweise Chrome, Firefox, Safari, Explorer) konfiguriert. In diesem Sinne k\u00f6nnen sich die Verfahren zum Ablehnen und L\u00f6schen von Cookies von einem Internetbrowser zum anderen unterscheiden. Folglich muss sich der Benutzer an die Anweisungen des von ihm verwendeten Internetbrowsers halten. F\u00fcr den Fall, dass Sie die Verwendung von Cookies \u2013 ganz oder teilweise \u2013 ablehnen, k\u00f6nnen Sie die Website weiterhin nutzen, obwohl die Nutzung einiger ihrer Funktionen eingeschr\u00e4nkt sein kann.<\/span><\/p>\n<p><span style=\"font-weight: 400;\">Im Folgenden und mit dem Ziel, dass Sie Ihre Einwilligung in vollem Umfang erteilen k\u00f6nnen, erl\u00e4utern wir detailliert, woraus sie bestehen und was der Zweck jeder Art von Cookies ist.<\/span><\/p>\n<p><b>Eigene Cookies: <\/b><span style=\"font-weight: 400;\">sind solche, die von einem vom Herausgeber selbst verwalteten Computer oder einer Dom\u00e4ne an das Endger\u00e4t des Benutzers gesendet werden und von denen aus der vom Benutzer angeforderte Dienst bereitgestellt wird.<\/span><\/p>\n<p><b>Cookies von Drittanbietern: <\/b><span style=\"font-weight: 400;\">sind solche, die von einem Computer oder einer Dom\u00e4ne, die nicht vom Herausgeber verwaltet wird, sondern von einer anderen Stelle, die die durch Cookies erhaltenen Daten verarbeitet, an das Endger\u00e4t des Benutzers gesendet werden.<\/span><\/p>\n<p><b>Technische Cookies:<\/b><span style=\"font-weight: 400;\"> sind diejenigen, die es dem Benutzer erm\u00f6glichen, durch eine Webseite, Plattform oder Anwendung zu navigieren und die verschiedenen Optionen oder Dienste zu verwenden, die darin vorhanden sind, einschlie\u00dflich derjenigen, die der Herausgeber verwendet, um die Verwaltung und den Betrieb der Webseite zu erm\u00f6glichen und ihre Funktionen zu aktivieren und Dienste, wie z. B. die Kontrolle des Datenverkehrs und der Datenkommunikation, die Identifizierung der Sitzung, den Zugriff auf Teile mit eingeschr\u00e4nktem Zugriff, die Erinnerung an die Elemente, aus denen eine Bestellung besteht, die Durchf\u00fchrung des Kaufvorgangs einer Bestellung, die Verwaltung der Zahlung, die Kontrolle von damit verbundenem Betrug Sicherheit des Dienstes, Registrierung oder Teilnahme an einer Veranstaltung beantragen, Besuche zu Abrechnungszwecken von Softwarelizenzen z\u00e4hlen, mit denen der Dienst funktioniert (Website, Plattform oder Anwendung), Elemente Sicherheit beim Browsen verwenden, Inhalte f\u00fcr Video- oder Ton\u00fcbertragung speichern, erm\u00f6glichen dynamischer Inhalt (z. B. Ladeanimation von einen Text oder ein Bild) oder Inhalte \u00fcber soziale Netzwerke teilen. <\/span><\/p>\n<p><span style=\"font-weight: 400;\">Zu dieser Kategorie geh\u00f6ren aufgrund ihres technischen Charakters auch jene Cookies, die eine m\u00f6glichst effiziente Verwaltung der Werbefl\u00e4chen erm\u00f6glichen, die als weiteres Design- oder \u201eLayout\u201c-Element des dem Benutzer angebotenen Dienstes dienen , die der Herausgeber auf der Grundlage von Kriterien wie z. B. bearbeiteter Inhalt in eine Webseite, Anwendung oder Plattform aufgenommen hat, ohne Informationen von Benutzern f\u00fcr andere Zwecke zu sammeln, z. B. zur Personalisierung dieser Werbeinhalte oder anderer Inhalte. <\/span><\/p>\n<p><span style=\"font-weight: 400;\">Technische Cookies sind von der Einhaltung der in Artikel 22.2 des LSSI festgelegten Verpflichtungen ausgenommen, wenn sie die Bereitstellung des vom Benutzer angeforderten Dienstes erm\u00f6glichen, wie dies bei den in den vorstehenden Abs\u00e4tzen aufgef\u00fchrten Cookies der Fall ist. Wenn diese Cookies jedoch auch f\u00fcr nicht ausgenommene Zwecke verwendet werden (z. B. f\u00fcr verhaltensbezogene Werbezwecke), unterliegen sie diesen Verpflichtungen. <\/span><\/p>\n<p><b>Pr\u00e4ferenz- <\/b><strong>oder <\/strong><b>Personalisierungs-Cookies<\/b>:<span style=\"font-weight: 400;\"> sind solche, die es erm\u00f6glichen, Informationen zu speichern, damit der Benutzer mit bestimmten Merkmalen auf den Dienst zugreift, die seine Erfahrung von der anderer Benutzer unterscheiden k\u00f6nnen, wie z. B. die Sprache, die Anzahl der anzuzeigenden Ergebnisse, wenn der Benutzer eine Suche ausf\u00fchrt, das Erscheinungsbild oder der Inhalt des Dienstes je nach Browsertyp, \u00fcber den der Benutzer auf den Dienst zugreift, oder der Region, von der aus der Benutzer auf den Dienst zugreift usw. <\/span><\/p>\n<p><span style=\"font-weight: 400;\">Wenn es der Benutzer selbst ist, der diese Merkmale ausw\u00e4hlt (wenn er beispielsweise die Sprache einer Website durch Klicken auf das Symbol der Flagge des entsprechenden Landes ausw\u00e4hlt), sind Cookies von den Verpflichtungen des Artikels 22.2 des LSSI ausgenommen, weil sie als vom Benutzer ausdr\u00fccklich angeforderte Dienstleistung gelten, und zwar solange die Cookies ausschlie\u00dflich dem ausgew\u00e4hlten Zweck dienen. <\/span><\/p>\n<p><b>Analyse-<\/b>\u00a0<strong>oder <\/strong><b>Messungs-Cookies:<\/b><span style=\"font-weight: 400;\"> sind solche, die es dem f\u00fcr sie Verantwortlichen erm\u00f6glichen, das Verhalten der Nutzer der Websites, auf die sie verlinken, zu \u00fcberwachen und zu analysieren, einschlie\u00dflich der Quantifizierung der Wirkung der Werbung. Die durch diese Art von Cookies gesammelten Informationen werden verwendet, um die Aktivit\u00e4t der Websites, Anwendungen oder Plattformen zu messen, um Verbesserungen basierend auf der Analyse der Nutzungsdaten der Benutzer des Dienstes einzuf\u00fchren. <\/span><\/p>\n<p><strong>M<\/strong><b>arketing- <\/b><strong>oder <\/strong><b>Verhaltens-Werbe-Cookies:<\/b> <span style=\"font-weight: 400;\">sind Cookies, die Informationen \u00fcber das Benutzerverhalten speichern, die durch kontinuierliche Beobachtung ihrer Surfgewohnheiten gewonnen werden, was die Entwicklung eines spezifischen Profils erm\u00f6glicht, um darauf basierende Werbung anzuzeigen.<\/span><\/p>\n<p><b>Sitzungscookies:<\/b><span style=\"font-weight: 400;\"> sind solche, die dazu dienen, Daten zu sammeln und zu speichern, w\u00e4hrend der Benutzer auf eine Webseite zugreift. Sie werden normalerweise verwendet, um Informationen zu speichern, die nur f\u00fcr die Bereitstellung des vom Benutzer angeforderten Dienstes bei einer einzigen Gelegenheit interessant sind (z. B. eine Liste der gekauften Produkte), und sie verschwinden, wenn die Sitzung beendet wird. <\/span><\/p>\n<p><b>Dauerhafte Cookies: <\/b><span style=\"font-weight: 400;\">sind solche, bei denen die Daten noch im Endger\u00e4t gespeichert sind und f\u00fcr einen von der f\u00fcr das Cookie verantwortlichen Person festgelegten Zeitraum, der von wenigen Minuten bis zu mehreren Jahren reichen kann, abgerufen und verarbeitet werden k\u00f6nnen.<\/span><\/p>\n<p><span style=\"font-weight: 400;\">ATLANTIDA SUBMARINE, S.L. <\/span><span style=\"font-weight: 400;\">verwendet seine eigenen Personalisierungs-Cookies f\u00fcr die in der folgenden Cookie-Erkl\u00e4rung beschriebenen Zwecke:<\/span><\/p>\n<table>\n<tbody>\n<tr>\n<td><b>TYP<\/b><\/td>\n<td><b>ZWECK<\/b><\/td>\n<td><b>ABLAUF<\/b><\/td>\n<td><b>EIGENE\/DRITTE<\/b><\/td>\n<\/tr>\n<tr>\n<td><\/td>\n<td><\/td>\n<td><\/td>\n<td><\/td>\n<\/tr>\n<tr>\n<td><\/td>\n<td><\/td>\n<td><\/td>\n<td><\/td>\n<\/tr>\n<tr>\n<td><\/td>\n<td><\/td>\n<td><\/td>\n<td><\/td>\n<\/tr>\n<tr>\n<td><\/td>\n<td><\/td>\n<td><\/td>\n<td><\/td>\n<\/tr>\n<tr>\n<td><\/td>\n<td><\/td>\n<td><\/td>\n<td><\/td>\n<\/tr>\n<tr>\n<td><\/td>\n<td><\/td>\n<td><\/td>\n<td><\/td>\n<\/tr>\n<tr>\n<td><\/td>\n<td><\/td>\n<td><\/td>\n<td><\/td>\n<\/tr>\n<tr>\n<td><\/td>\n<td><\/td>\n<td><\/td>\n<td><\/td>\n<\/tr>\n<tr>\n<td><\/td>\n<td><\/td>\n<td><\/td>\n<td><\/td>\n<\/tr>\n<\/tbody>\n<\/table>\n<p><span style=\"font-weight: 400;\">Wenn Sie Cookies deaktivieren, k\u00f6nnen Sie weiterhin auf die Website zugreifen, aber das Surfen durch sie ist m\u00f6glicherweise nicht optimal und einige der angebotenen Dienste funktionieren m\u00f6glicherweise nicht richtig.<\/span><\/p>\n<p><span style=\"font-weight: 400;\">Wenn ATLANTIDA SUBMARINE, S.L<\/span><span style=\"font-weight: 400;\">. in Zukunft <\/span><span style=\"font-weight: 400;\">andere Arten von Cookies als die in dieser Cookie-Richtlinie vorgesehenen verwenden sollte, um neue Dienste bereitzustellen, oder wenn es notwendig ist, sie an neue gesetzliche Anforderungen anzupassen, werden wir Sie benachrichtigen.<\/span><\/p>\n<p><span style=\"font-weight: 400;\">Sie k\u00f6nnen die auf Ihrem Ger\u00e4t installierten Cookies \u00fcber das Konfigurationsmen\u00fc Ihres Internetbrowsers zulassen, blockieren oder l\u00f6schen, indem Sie ihn so konfigurieren, dass er Cookies blockiert oder den Benutzer benachrichtigt, wenn ein Server sie speichern m\u00f6chte. Die folgenden Links enthalten Informationen zum Konfigurieren und\/oder Deaktivieren von Cookies f\u00fcr jeden der wichtigsten Browser auf dem Markt, damit der Benutzer entscheiden kann, ob er die Verwendung von Cookies akzeptiert oder nicht.<\/span><\/p>\n<ul>\n<li><strong>Browser<\/strong><\/li>\n<\/ul>\n<ul>\n<li style=\"list-style-type: none;\">\n<ul>\n<li style=\"font-weight: 400;\" aria-level=\"1\"><a href=\"https:\/\/support.microsoft.com\/es-es\/help\/17442\/windows-internet-explorer-delete-manage-cookies\"><span style=\"font-weight: 400;\">Microsoft Internet Explorer<\/span><\/a><span style=\"font-weight: 400;\">: Men\u00fc Extras span,&gt;Internetoptionen span,&gt; Datenschutz&gt;Einstellungen<\/span>.<\/li>\n<li style=\"font-weight: 400;\" aria-level=\"1\"><a href=\"https:\/\/support.mozilla.org\/es\/kb\/habilitar-y-deshabilitar-cookies-sitios-web-rastrear-preferencias?redirectlocale=es&amp;redirectslug=habilitar-y-deshabilitar-cookies-que-los-sitios-we\"><span style=\"font-weight: 400;\">Firefox<\/span><\/a><span style=\"font-weight: 400;\">: men\u00fa Werkzeug &gt; Optionen &gt; Privatsph\u00e4re&gt; Cookies.<\/span><\/li>\n<li style=\"font-weight: 400;\" aria-level=\"1\"><a href=\"https:\/\/support.google.com\/accounts\/answer\/61416?hl=es\"><span style=\"font-weight: 400;\">Chrome<\/span><\/a><span style=\"font-weight: 400;\">: men\u00fa Optionen &gt; erweiterte Optionen &gt; Privatsph\u00e4re.<\/span><\/li>\n<li style=\"font-weight: 400;\" aria-level=\"1\"><a href=\"https:\/\/support.apple.com\/es-es\/guide\/safari\/sfri11471\/mac\"><span style=\"font-weight: 400;\">Safari:<\/span><\/a><span style=\"font-weight: 400;\"> Men\u00fc Vorlieben\/Privatsph\u00e4re. <\/span><\/li>\n<li style=\"font-weight: 400;\" aria-level=\"1\"><a href=\"https:\/\/support.apple.com\/es-es\/HT201265\"><span style=\"font-weight: 400;\">Safari f\u00fcr IOS<\/span><\/a><span style=\"font-weight: 400;\">(iPhone und iPad): Optionseinstellungen &gt; Safari<\/span><\/li>\n<li style=\"font-weight: 400;\" aria-level=\"1\"><a href=\"https:\/\/support.google.com\/chrome\/answer\/95647?co=GENIE.Platform%3DAndroid&amp;hl=es-419\"><span style=\"font-weight: 400;\">Chrome f\u00fcr Android<\/span><\/a><span style=\"font-weight: 400;\"><span style=\"font-weight: 400;\"><span style=\"font-weight: 400;\"><span style=\"font-weight: 400;\">: Konfiguration &gt; Konfiguration der Websiten &gt; Cookies<\/span><\/span><\/span><\/span><\/li>\n<\/ul>\n<\/li>\n<\/ul>\n<ul>\n<li><strong>Soziale Netzwerke<\/strong><\/li>\n<li aria-level=\"1\"><strong>Google Analytics<\/strong><\/li>\n<li aria-level=\"1\"><strong>Suchkonsole<\/strong><\/li>\n<\/ul>\n[\/vc_column_text][\/vc_column][\/vc_row]\n","protected":false},"excerpt":{"rendered":"<p>[vc_row type=&#8221;in_container&#8221; full_screen_row_position=&#8221;middle&#8221; column_margin=&#8221;default&#8221; scene_position=&#8221;center&#8221; text_color=&#8221;dark&#8221; text_align=&#8221;left&#8221; overlay_strength=&#8221;0.3&#8243; shape_divider_position=&#8221;bottom&#8221; bg_image_animation=&#8221;none&#8221;][vc_column column_padding=&#8221;no-extra-padding&#8221; column_padding_position=&#8221;all&#8221; background_color_opacity=&#8221;1&#8243; background_hover_color_opacity=&#8221;1&#8243; column_link_target=&#8221;_self&#8221; column_shadow=&#8221;none&#8221; column_border_radius=&#8221;none&#8221; width=&#8221;1\/1&#8243; tablet_width_inherit=&#8221;default&#8221; tablet_text_alignment=&#8221;default&#8221; phone_text_alignment=&#8221;default&#8221; overlay_strength=&#8221;0.3&#8243; column_border_width=&#8221;none&#8221; column_border_style=&#8221;solid&#8221; bg_image_animation=&#8221;none&#8221;][vc_column_text] Cookie-Richtlinien [\/vc_column_text][divider line_type=&#8221;No Line&#8221; custom_height=&#8221;50&#8243;][vc_column_text]Zur\u00a0Einhaltung&#8230;<\/p>\n","protected":false},"author":4,"featured_media":0,"parent":0,"menu_order":0,"comment_status":"closed","ping_status":"closed","template":"","meta":{"om_disable_all_campaigns":false,"footnotes":""},"class_list":["post-8812","page","type-page","status-publish"],"_links":{"self":[{"href":"https:\/\/atlantidasubmarine.com\/de\/wp-json\/wp\/v2\/pages\/8812","targetHints":{"allow":["GET"]}}],"collection":[{"href":"https:\/\/atlantidasubmarine.com\/de\/wp-json\/wp\/v2\/pages"}],"about":[{"href":"https:\/\/atlantidasubmarine.com\/de\/wp-json\/wp\/v2\/types\/page"}],"author":[{"embeddable":true,"href":"https:\/\/atlantidasubmarine.com\/de\/wp-json\/wp\/v2\/users\/4"}],"replies":[{"embeddable":true,"href":"https:\/\/atlantidasubmarine.com\/de\/wp-json\/wp\/v2\/comments?post=8812"}],"version-history":[{"count":6,"href":"https:\/\/atlantidasubmarine.com\/de\/wp-json\/wp\/v2\/pages\/8812\/revisions"}],"predecessor-version":[{"id":9088,"href":"https:\/\/atlantidasubmarine.com\/de\/wp-json\/wp\/v2\/pages\/8812\/revisions\/9088"}],"wp:attachment":[{"href":"https:\/\/atlantidasubmarine.com\/de\/wp-json\/wp\/v2\/media?parent=8812"}],"curies":[{"name":"wp","href":"https:\/\/api.w.org\/{rel}","templated":true}]}}