{"id":8827,"date":"2022-07-07T16:33:36","date_gmt":"2022-07-07T16:33:36","guid":{"rendered":"https:\/\/atlantidasubmarine.com\/es-lebe-das-abenteuer\/"},"modified":"2022-07-18T14:16:31","modified_gmt":"2022-07-18T14:16:31","slug":"erlebe-das-abenteuer","status":"publish","type":"page","link":"https:\/\/atlantidasubmarine.com\/de\/erlebe-das-abenteuer\/","title":{"rendered":"Das Abenteuer erleben"},"content":{"rendered":"[vc_row type=&#8221;in_container&#8221; full_screen_row_position=&#8221;middle&#8221; equal_height=&#8221;yes&#8221; column_margin=&#8221;20px&#8221; mouse_based_parallax_bg=&#8221;true&#8221; scene_position=&#8221;center&#8221; text_color=&#8221;dark&#8221; text_align=&#8221;left&#8221; overlay_strength=&#8221;0.3&#8243; shape_divider_position=&#8221;bottom&#8221; bg_image_animation=&#8221;none&#8221; shape_type=&#8221;&#8221;][vc_column column_padding=&#8221;padding-3-percent&#8221; column_padding_position=&#8221;all&#8221; background_color=&#8221;#ffffff&#8221; background_color_opacity=&#8221;1&#8243; background_hover_color_opacity=&#8221;1&#8243; column_link_target=&#8221;_self&#8221; column_shadow=&#8221;none&#8221; column_border_radius=&#8221;none&#8221; width=&#8221;1\/2&#8243; tablet_width_inherit=&#8221;default&#8221; tablet_text_alignment=&#8221;default&#8221; phone_text_alignment=&#8221;default&#8221; overlay_strength=&#8221;0.3&#8243; column_border_width=&#8221;none&#8221; column_border_style=&#8221;solid&#8221; bg_image_animation=&#8221;none&#8221;][vc_custom_heading text=&#8221;Es lebe das Abenteuer&#8221; font_container=&#8221;tag:h1|text_align:left|color:%233b57a5&#8243; use_theme_fonts=&#8221;yes&#8221; css=&#8221;.vc_custom_1620121069843{margin-top: -15px !important;}&#8221;][vc_column_text css=&#8221;.vc_custom_1658153786684{margin-top: 30px !important;margin-bottom: 30px !important;}&#8221;]\n<div class=\"wpb_text_column wpb_content_element vc_custom_1593604712877\">\n<div class=\"wpb_wrapper\">\n<p class=\"p1\">Die neuen Passagiere der <strong>Golden Shark <\/strong>tummeln sich schon am Einstiegsbereich am Hafen von Puerto de Mog\u00e1n<strong>.<\/strong> Sie wollen gleich an Bord gehen und es liegt eine gewisse Erwartung und Nervosit\u00e4t in der Luft. Sie haben schon von einer solchen Unterwasserreise geh\u00f6rt, aber sie kennen nicht die wahre Dimension dessen, was sie erwartet. Trotzdem ist ihnen ein gewisser Hauch von Vorfreude anzusehen: Der Wunsch, ein echtes, einzigartiges und unwiederholbares Abenteuer zu erleben, \u00fcbersteigt jede Spur von Angst bei weitem.<\/p>\n<p class=\"p1\">Wir steigen ein. Das U-Boot schaukelt ruhig in den Gew\u00e4ssern des Atlantiks wie ein Ausflugsboot auf einem gro\u00dfen See. Bei einige Passagieren beginnt der Puls etwas schneller als gew\u00f6hnlich zu schlagen, das Ergebnis von Adrenalin, aber es gibt keinen Grund zur Sorge. Das U-Boot ist in den H\u00e4nden einer sehr erfahrenen Crew, die das Tauchgebiet perfekt kennt.<\/p>\n<p class=\"p1\">Wir tauchen unter. Der Abstieg ist sehr sanft und das Innere des U-Bootes l\u00e4dt Sie ein, sich in seinen anatomischen Einzelsitzen zu entspannen und wohl zu f\u00fchlen, w\u00e4hrend die &#8220;Bullaugen&#8221; als gro\u00dfe Fenster Sie dazu einladen, den Meeresboden zu beobachten, der jetzt so voller Leben ist wie nie zuvor. Eine Vielzahl von Tier- und Pflanzenarten dringen erneut in das Navigationsgebiet ein, dank mehrerer k\u00fcnstlicher Riffe, die antike Ruinen wie die des klassischen Griechenlands simulieren und deren Teile &#8220;La At\u00e1ntida&#8221; oder \u201eAtlantis\u201c genannt wurden, in Anspielung auf die mythische Insel wie in den Schriften des ber\u00fchmten griechischen Philosophen Plato.<\/p>\n<p class=\"p1\">Dieses Naturwunder, das vor unseren Augen erscheint, ist kein Zufall, sondern das Ergebnis der Regeneration dieses Teils des Meeresbodens; <strong>eine Fl\u00e4che von 3.000 Quadratmetern, die sich in der Umgebung der K\u00fcste von Puerto de Mog\u00e1n befindet und deren Projekt<\/strong><strong>\u00a0von der Firma Atl\u00e1ntida Submarine<\/strong>, Eigent\u00fcmer der Golden Shark, ins Leben gerufen wurde.<\/p>\n<p class=\"p1\">Ein 150 Meter langer Ausflug in einer Tiefe von etwa 20-25 Metern erm\u00f6glicht es Ihnen, einen der aufregendsten Momente Ihres Lebens zu erfahren und sich gleichzeitig mit der Natur zu vers\u00f6hnen, indem Sie dieses Mal selbst sehen k\u00f6nnen, wie die Hand des Menschen ma\u00dfgeblich dazu beigetragen hat, einen einst durch menschliche Eingriffe gesch\u00e4digten Meeresboden wieder in seinen urspr\u00fcnglichen Zustand zu versetzen.<\/p>\n<p class=\"p1\">Ungef\u00e4hr 40 Minuten nachdem wir das Dock verlassen haben, tauchen wir auf. Und der Ausstieg aus dem U-Boot an die Oberfl\u00e4che ist eine neue Erfahrung f\u00fcr sich, die, wie die restlichen erlebten Momente, f\u00fcr immer in Ihrer Erinnerung bleiben wird und Sie werden Familie und Freunden davon erz\u00e4hlen wollen, sobald Sie die Gelegenheit dazu haben.<\/p>\n<p class=\"p1\">Aber lassen Sie es sich nicht einfach nur erz\u00e4hlen! Leben Sie das Abenteuer und erleben Sie selbst diese unvergessliche Reise voller Emotionen und Sensationen! <strong>Wir erwarten Sie!<\/strong><\/p>\n<\/div>\n<\/div>\n[\/vc_column_text][nectar_btn size=&#8221;small&#8221; button_style=&#8221;regular&#8221; button_color_2=&#8221;Accent-Color&#8221; color_override=&#8221;#2556a9&#8243; icon_family=&#8221;default_arrow&#8221; url=&#8221;http:\/\/test.atlantidasubmarine.2coders.com\/comprar-tickets\/&#8221; text=&#8221;&lt;b&gt;DAS ABENTEUER BEGINNT&lt;\/b&gt;&#8221;][\/vc_column][vc_column column_padding=&#8221;no-extra-padding&#8221; column_padding_position=&#8221;all&#8221; background_color_opacity=&#8221;1&#8243; background_hover_color_opacity=&#8221;1&#8243; background_image=&#8221;7541&#8243; enable_bg_scale=&#8221;true&#8221; column_link_target=&#8221;_self&#8221; column_shadow=&#8221;none&#8221; column_border_radius=&#8221;none&#8221; width=&#8221;1\/2&#8243; tablet_width_inherit=&#8221;default&#8221; tablet_text_alignment=&#8221;default&#8221; phone_text_alignment=&#8221;default&#8221; overlay_strength=&#8221;0.3&#8243; column_border_width=&#8221;none&#8221; column_border_style=&#8221;solid&#8221; bg_image_animation=&#8221;none&#8221;][\/vc_column][\/vc_row]\n","protected":false},"excerpt":{"rendered":"<p>[vc_row type=&#8221;in_container&#8221; full_screen_row_position=&#8221;middle&#8221; equal_height=&#8221;yes&#8221; column_margin=&#8221;20px&#8221; mouse_based_parallax_bg=&#8221;true&#8221; scene_position=&#8221;center&#8221; text_color=&#8221;dark&#8221; text_align=&#8221;left&#8221; overlay_strength=&#8221;0.3&#8243; shape_divider_position=&#8221;bottom&#8221; bg_image_animation=&#8221;none&#8221; shape_type=&#8221;&#8221;][vc_column column_padding=&#8221;padding-3-percent&#8221; column_padding_position=&#8221;all&#8221; background_color=&#8221;#ffffff&#8221; background_color_opacity=&#8221;1&#8243; background_hover_color_opacity=&#8221;1&#8243; column_link_target=&#8221;_self&#8221; column_shadow=&#8221;none&#8221; column_border_radius=&#8221;none&#8221; width=&#8221;1\/2&#8243; tablet_width_inherit=&#8221;default&#8221; tablet_text_alignment=&#8221;default&#8221; phone_text_alignment=&#8221;default&#8221; overlay_strength=&#8221;0.3&#8243; column_border_width=&#8221;none&#8221; column_border_style=&#8221;solid&#8221; bg_image_animation=&#8221;none&#8221;][vc_custom_heading text=&#8221;Es&#8230;<\/p>\n","protected":false},"author":1,"featured_media":0,"parent":0,"menu_order":0,"comment_status":"closed","ping_status":"closed","template":"","meta":{"om_disable_all_campaigns":false,"footnotes":""},"class_list":["post-8827","page","type-page","status-publish"],"yoast_head":"<!-- This site is optimized with the Yoast SEO plugin v27.5 - https:\/\/yoast.com\/product\/yoast-seo-wordpress\/ -->\n<title>Das Abenteuer erleben - Submarine Adventure<\/title>\n<meta name=\"robots\" content=\"index, follow, max-snippet:-1, max-image-preview:large, max-video-preview:-1\" \/>\n<link rel=\"canonical\" href=\"https:\/\/atlantidasubmarine.com\/de\/erlebe-das-abenteuer\/\" \/>\n<meta property=\"og:locale\" content=\"de_DE\" \/>\n<meta property=\"og:type\" content=\"article\" \/>\n<meta property=\"og:title\" content=\"Das Abenteuer erleben - Submarine Adventure\" \/>\n<meta property=\"og:description\" content=\"[vc_row type=&#8221;in_container&#8221; full_screen_row_position=&#8221;middle&#8221; equal_height=&#8221;yes&#8221; column_margin=&#8221;20px&#8221; mouse_based_parallax_bg=&#8221;true&#8221; scene_position=&#8221;center&#8221; text_color=&#8221;dark&#8221; text_align=&#8221;left&#8221; overlay_strength=&#8221;0.3&#8243; shape_divider_position=&#8221;bottom&#8221; bg_image_animation=&#8221;none&#8221; shape_type=&#8221;&#8221;][vc_column column_padding=&#8221;padding-3-percent&#8221; column_padding_position=&#8221;all&#8221; background_color=&#8221;#ffffff&#8221; background_color_opacity=&#8221;1&#8243; background_hover_color_opacity=&#8221;1&#8243; column_link_target=&#8221;_self&#8221; column_shadow=&#8221;none&#8221; column_border_radius=&#8221;none&#8221; width=&#8221;1\/2&#8243; tablet_width_inherit=&#8221;default&#8221; tablet_text_alignment=&#8221;default&#8221; phone_text_alignment=&#8221;default&#8221; overlay_strength=&#8221;0.3&#8243; column_border_width=&#8221;none&#8221; column_border_style=&#8221;solid&#8221; bg_image_animation=&#8221;none&#8221;][vc_custom_heading text=&#8221;Es...\" \/>\n<meta property=\"og:url\" content=\"https:\/\/atlantidasubmarine.com\/de\/erlebe-das-abenteuer\/\" \/>\n<meta property=\"og:site_name\" content=\"Submarine Adventure\" \/>\n<meta property=\"article:publisher\" content=\"https:\/\/www.facebook.com\/submarinomogan\" \/>\n<meta property=\"article:modified_time\" content=\"2022-07-18T14:16:31+00:00\" \/>\n<meta property=\"og:image\" content=\"https:\/\/atlantidasubmarine.com\/wp-content\/uploads\/2026\/05\/submarine-adventure-logo.png\" \/>\n\t<meta property=\"og:image:width\" content=\"1126\" \/>\n\t<meta property=\"og:image:height\" content=\"918\" \/>\n\t<meta property=\"og:image:type\" content=\"image\/png\" \/>\n<meta name=\"twitter:card\" content=\"summary_large_image\" \/>\n<meta name=\"twitter:label1\" content=\"Gesch\u00e4tzte Lesezeit\" \/>\n\t<meta name=\"twitter:data1\" content=\"4\u00a0Minuten\" \/>\n<script type=\"application\/ld+json\" class=\"yoast-schema-graph\">{\"@context\":\"https:\\\/\\\/schema.org\",\"@graph\":[{\"@type\":\"WebPage\",\"@id\":\"https:\\\/\\\/atlantidasubmarine.com\\\/de\\\/erlebe-das-abenteuer\\\/\",\"url\":\"https:\\\/\\\/atlantidasubmarine.com\\\/de\\\/erlebe-das-abenteuer\\\/\",\"name\":\"Das Abenteuer erleben - Submarine Adventure\",\"isPartOf\":{\"@id\":\"https:\\\/\\\/atlantidasubmarine.com\\\/#website\"},\"datePublished\":\"2022-07-07T16:33:36+00:00\",\"dateModified\":\"2022-07-18T14:16:31+00:00\",\"breadcrumb\":{\"@id\":\"https:\\\/\\\/atlantidasubmarine.com\\\/de\\\/erlebe-das-abenteuer\\\/#breadcrumb\"},\"inLanguage\":\"de\",\"potentialAction\":[{\"@type\":\"ReadAction\",\"target\":[\"https:\\\/\\\/atlantidasubmarine.com\\\/de\\\/erlebe-das-abenteuer\\\/\"]}]},{\"@type\":\"BreadcrumbList\",\"@id\":\"https:\\\/\\\/atlantidasubmarine.com\\\/de\\\/erlebe-das-abenteuer\\\/#breadcrumb\",\"itemListElement\":[{\"@type\":\"ListItem\",\"position\":1,\"name\":\"Home\",\"item\":\"https:\\\/\\\/atlantidasubmarine.com\\\/de\\\/\"},{\"@type\":\"ListItem\",\"position\":2,\"name\":\"Das Abenteuer erleben\"}]},{\"@type\":\"WebSite\",\"@id\":\"https:\\\/\\\/atlantidasubmarine.com\\\/#website\",\"url\":\"https:\\\/\\\/atlantidasubmarine.com\\\/\",\"name\":\"Submarine Adventure\",\"description\":\"Una experiencia \u00fanica a 20 metros bajo el nivel del mar en Mog\u00e1n\",\"publisher\":{\"@id\":\"https:\\\/\\\/atlantidasubmarine.com\\\/#organization\"},\"potentialAction\":[{\"@type\":\"SearchAction\",\"target\":{\"@type\":\"EntryPoint\",\"urlTemplate\":\"https:\\\/\\\/atlantidasubmarine.com\\\/?s={search_term_string}\"},\"query-input\":{\"@type\":\"PropertyValueSpecification\",\"valueRequired\":true,\"valueName\":\"search_term_string\"}}],\"inLanguage\":\"de\"},{\"@type\":\"Organization\",\"@id\":\"https:\\\/\\\/atlantidasubmarine.com\\\/#organization\",\"name\":\"Submarine Adventure\",\"url\":\"https:\\\/\\\/atlantidasubmarine.com\\\/\",\"logo\":{\"@type\":\"ImageObject\",\"inLanguage\":\"de\",\"@id\":\"https:\\\/\\\/atlantidasubmarine.com\\\/#\\\/schema\\\/logo\\\/image\\\/\",\"url\":\"https:\\\/\\\/atlantidasubmarine.com\\\/wp-content\\\/uploads\\\/2026\\\/05\\\/submarine-adventure-logo.png\",\"contentUrl\":\"https:\\\/\\\/atlantidasubmarine.com\\\/wp-content\\\/uploads\\\/2026\\\/05\\\/submarine-adventure-logo.png\",\"width\":1126,\"height\":918,\"caption\":\"Submarine Adventure\"},\"image\":{\"@id\":\"https:\\\/\\\/atlantidasubmarine.com\\\/#\\\/schema\\\/logo\\\/image\\\/\"},\"sameAs\":[\"https:\\\/\\\/www.facebook.com\\\/submarinomogan\",\"https:\\\/\\\/www.instagram.com\\\/submarineadventure\\\/\",\"https:\\\/\\\/www.tiktok.com\\\/@submarineadventure\"]}]}<\/script>\n<!-- \/ Yoast SEO plugin. -->","yoast_head_json":{"title":"Das Abenteuer erleben - Submarine Adventure","robots":{"index":"index","follow":"follow","max-snippet":"max-snippet:-1","max-image-preview":"max-image-preview:large","max-video-preview":"max-video-preview:-1"},"canonical":"https:\/\/atlantidasubmarine.com\/de\/erlebe-das-abenteuer\/","og_locale":"de_DE","og_type":"article","og_title":"Das Abenteuer erleben - Submarine Adventure","og_description":"[vc_row type=&#8221;in_container&#8221; full_screen_row_position=&#8221;middle&#8221; equal_height=&#8221;yes&#8221; column_margin=&#8221;20px&#8221; mouse_based_parallax_bg=&#8221;true&#8221; scene_position=&#8221;center&#8221; text_color=&#8221;dark&#8221; text_align=&#8221;left&#8221; overlay_strength=&#8221;0.3&#8243; shape_divider_position=&#8221;bottom&#8221; bg_image_animation=&#8221;none&#8221; shape_type=&#8221;&#8221;][vc_column column_padding=&#8221;padding-3-percent&#8221; column_padding_position=&#8221;all&#8221; background_color=&#8221;#ffffff&#8221; background_color_opacity=&#8221;1&#8243; background_hover_color_opacity=&#8221;1&#8243; column_link_target=&#8221;_self&#8221; column_shadow=&#8221;none&#8221; column_border_radius=&#8221;none&#8221; width=&#8221;1\/2&#8243; tablet_width_inherit=&#8221;default&#8221; tablet_text_alignment=&#8221;default&#8221; phone_text_alignment=&#8221;default&#8221; overlay_strength=&#8221;0.3&#8243; column_border_width=&#8221;none&#8221; column_border_style=&#8221;solid&#8221; bg_image_animation=&#8221;none&#8221;][vc_custom_heading text=&#8221;Es...","og_url":"https:\/\/atlantidasubmarine.com\/de\/erlebe-das-abenteuer\/","og_site_name":"Submarine Adventure","article_publisher":"https:\/\/www.facebook.com\/submarinomogan","article_modified_time":"2022-07-18T14:16:31+00:00","og_image":[{"width":1126,"height":918,"url":"https:\/\/atlantidasubmarine.com\/wp-content\/uploads\/2026\/05\/submarine-adventure-logo.png","type":"image\/png"}],"twitter_card":"summary_large_image","twitter_misc":{"Gesch\u00e4tzte Lesezeit":"4\u00a0Minuten"},"schema":{"@context":"https:\/\/schema.org","@graph":[{"@type":"WebPage","@id":"https:\/\/atlantidasubmarine.com\/de\/erlebe-das-abenteuer\/","url":"https:\/\/atlantidasubmarine.com\/de\/erlebe-das-abenteuer\/","name":"Das Abenteuer erleben - Submarine Adventure","isPartOf":{"@id":"https:\/\/atlantidasubmarine.com\/#website"},"datePublished":"2022-07-07T16:33:36+00:00","dateModified":"2022-07-18T14:16:31+00:00","breadcrumb":{"@id":"https:\/\/atlantidasubmarine.com\/de\/erlebe-das-abenteuer\/#breadcrumb"},"inLanguage":"de","potentialAction":[{"@type":"ReadAction","target":["https:\/\/atlantidasubmarine.com\/de\/erlebe-das-abenteuer\/"]}]},{"@type":"BreadcrumbList","@id":"https:\/\/atlantidasubmarine.com\/de\/erlebe-das-abenteuer\/#breadcrumb","itemListElement":[{"@type":"ListItem","position":1,"name":"Home","item":"https:\/\/atlantidasubmarine.com\/de\/"},{"@type":"ListItem","position":2,"name":"Das Abenteuer erleben"}]},{"@type":"WebSite","@id":"https:\/\/atlantidasubmarine.com\/#website","url":"https:\/\/atlantidasubmarine.com\/","name":"Submarine Adventure","description":"Una experiencia \u00fanica a 20 metros bajo el nivel del mar en Mog\u00e1n","publisher":{"@id":"https:\/\/atlantidasubmarine.com\/#organization"},"potentialAction":[{"@type":"SearchAction","target":{"@type":"EntryPoint","urlTemplate":"https:\/\/atlantidasubmarine.com\/?s={search_term_string}"},"query-input":{"@type":"PropertyValueSpecification","valueRequired":true,"valueName":"search_term_string"}}],"inLanguage":"de"},{"@type":"Organization","@id":"https:\/\/atlantidasubmarine.com\/#organization","name":"Submarine Adventure","url":"https:\/\/atlantidasubmarine.com\/","logo":{"@type":"ImageObject","inLanguage":"de","@id":"https:\/\/atlantidasubmarine.com\/#\/schema\/logo\/image\/","url":"https:\/\/atlantidasubmarine.com\/wp-content\/uploads\/2026\/05\/submarine-adventure-logo.png","contentUrl":"https:\/\/atlantidasubmarine.com\/wp-content\/uploads\/2026\/05\/submarine-adventure-logo.png","width":1126,"height":918,"caption":"Submarine Adventure"},"image":{"@id":"https:\/\/atlantidasubmarine.com\/#\/schema\/logo\/image\/"},"sameAs":["https:\/\/www.facebook.com\/submarinomogan","https:\/\/www.instagram.com\/submarineadventure\/","https:\/\/www.tiktok.com\/@submarineadventure"]}]}},"_links":{"self":[{"href":"https:\/\/atlantidasubmarine.com\/de\/wp-json\/wp\/v2\/pages\/8827","targetHints":{"allow":["GET"]}}],"collection":[{"href":"https:\/\/atlantidasubmarine.com\/de\/wp-json\/wp\/v2\/pages"}],"about":[{"href":"https:\/\/atlantidasubmarine.com\/de\/wp-json\/wp\/v2\/types\/page"}],"author":[{"embeddable":true,"href":"https:\/\/atlantidasubmarine.com\/de\/wp-json\/wp\/v2\/users\/1"}],"replies":[{"embeddable":true,"href":"https:\/\/atlantidasubmarine.com\/de\/wp-json\/wp\/v2\/comments?post=8827"}],"version-history":[{"count":4,"href":"https:\/\/atlantidasubmarine.com\/de\/wp-json\/wp\/v2\/pages\/8827\/revisions"}],"predecessor-version":[{"id":9114,"href":"https:\/\/atlantidasubmarine.com\/de\/wp-json\/wp\/v2\/pages\/8827\/revisions\/9114"}],"wp:attachment":[{"href":"https:\/\/atlantidasubmarine.com\/de\/wp-json\/wp\/v2\/media?parent=8827"}],"curies":[{"name":"wp","href":"https:\/\/api.w.org\/{rel}","templated":true}]}}