{"id":8851,"date":"2022-07-07T17:49:08","date_gmt":"2022-07-07T17:49:08","guid":{"rendered":"https:\/\/atlantidasubmarine.com\/anreise\/"},"modified":"2022-07-18T13:25:51","modified_gmt":"2022-07-18T13:25:51","slug":"anreise","status":"publish","type":"page","link":"https:\/\/atlantidasubmarine.com\/de\/anreise\/","title":{"rendered":"Anreise"},"content":{"rendered":"[vc_row type=&#8221;full_width_background&#8221; full_screen_row_position=&#8221;middle&#8221; column_margin=&#8221;default&#8221; bg_color=&#8221;#f6f6f6&#8243; scene_position=&#8221;center&#8221; text_color=&#8221;dark&#8221; text_align=&#8221;left&#8221; overlay_strength=&#8221;0.3&#8243; shape_divider_position=&#8221;bottom&#8221; bg_image_animation=&#8221;none&#8221; shape_type=&#8221;&#8221;][vc_column column_padding=&#8221;no-extra-padding&#8221; column_padding_position=&#8221;left&#8221; background_color_opacity=&#8221;1&#8243; background_hover_color_opacity=&#8221;1&#8243; column_link_target=&#8221;_self&#8221; column_shadow=&#8221;none&#8221; column_border_radius=&#8221;none&#8221; width=&#8221;1\/1&#8243; tablet_width_inherit=&#8221;default&#8221; tablet_text_alignment=&#8221;default&#8221; phone_text_alignment=&#8221;default&#8221; overlay_strength=&#8221;0.3&#8243; column_border_width=&#8221;none&#8221; column_border_style=&#8221;solid&#8221; bg_image_animation=&#8221;none&#8221;][tabbed_section style=&#8221;minimal_flexible&#8221; tab_color=&#8221;Accent-Color&#8221; icon_size=&#8221;24&#8243;][tab icon_family=&#8221;iconsmind&#8221; title=&#8221;Anreise mit dem Bus&#8221; id=&#8221;1658150684972-3&#8243; icon_iconsmind=&#8221;iconsmind-Bus-2&#8243; tab_id=&#8221;1658150684974-6&#8243;][vc_row_inner equal_height=&#8221;yes&#8221; content_placement=&#8221;top&#8221; column_margin=&#8221;90px&#8221; top_padding=&#8221;0&#8243; bottom_padding=&#8221;3%&#8221; text_align=&#8221;left&#8221;][vc_column_inner column_padding=&#8221;no-extra-padding&#8221; column_padding_position=&#8221;top&#8221; background_color_opacity=&#8221;1&#8243; background_hover_color_opacity=&#8221;1&#8243; column_shadow=&#8221;none&#8221; column_border_radius=&#8221;none&#8221; column_link_target=&#8221;_self&#8221; width=&#8221;1\/3&#8243; tablet_width_inherit=&#8221;default&#8221; overlay_strength=&#8221;0.3&#8243; column_border_width=&#8221;none&#8221; column_border_style=&#8221;solid&#8221; bg_image_animation=&#8221;none&#8221; offset=&#8221;vc_col-xs-12&#8243;][split_line_heading animation_type=&#8221;default&#8221; max_width=&#8221;275&#8243;]\n<h3>Kostenloser Bus-Service mit Vorbestellung<\/h3>\n[\/split_line_heading][vc_column_text css_animation=&#8221;none&#8221; css=&#8221;.vc_custom_1657543557889{margin-top: 15px !important;}&#8221; max_width=&#8221;500&#8243;]\n<p class=\"vc_custom_heading wpb_animate_when_almost_visible wpb_fadeIn fadeIn animated wpb_start_animation\">Wir stellen Ihnen einen v\u00f6llig kostenlosen Transportservice zur Verf\u00fcgung, der die Urlaubsorte im S\u00fcden der Insel mit unserem Boarding-Bereich verbindet.<\/p>\n[\/vc_column_text][divider line_type=&#8221;No Line&#8221; custom_height=&#8221;10&#8243;][vc_column_text]<em>* Um einen Platz zu sichern, ist eine vorherige Online-Reservierung erforderlich.<\/em>[\/vc_column_text][\/vc_column_inner][vc_column_inner column_padding=&#8221;no-extra-padding&#8221; column_padding_position=&#8221;all&#8221; background_color_opacity=&#8221;1&#8243; background_hover_color_opacity=&#8221;1&#8243; column_shadow=&#8221;none&#8221; column_border_radius=&#8221;none&#8221; column_link_target=&#8221;_self&#8221; width=&#8221;1\/12&#8243; tablet_width_inherit=&#8221;default&#8221; overlay_strength=&#8221;0.3&#8243; column_border_width=&#8221;none&#8221; column_border_style=&#8221;solid&#8221; bg_image_animation=&#8221;none&#8221;][\/vc_column_inner][vc_column_inner column_padding=&#8221;padding-10-percent&#8221; column_padding_position=&#8221;bottom&#8221; background_color_opacity=&#8221;1&#8243; background_hover_color_opacity=&#8221;1&#8243; column_shadow=&#8221;none&#8221; column_border_radius=&#8221;none&#8221; column_link_target=&#8221;_self&#8221; width=&#8221;7\/12&#8243; tablet_width_inherit=&#8221;default&#8221; overlay_strength=&#8221;0.3&#8243; column_border_width=&#8221;none&#8221; column_border_style=&#8221;solid&#8221; bg_image_animation=&#8221;none&#8221; offset=&#8221;vc_col-xs-12&#8243;][vc_column_text]\n<h5><strong>Abholgebiete:<\/strong><\/h5>\n[\/vc_column_text][nectar_cta btn_style=&#8221;arrow-animation&#8221; heading_tag=&#8221;h5&#8243; text_color=&#8221;#1e83ec&#8221; button_color=&#8221;default&#8221; link_type=&#8221;regular&#8221; alignment=&#8221;left&#8221; display=&#8221;block&#8221; link_text=&#8221;Bah\u00eda Feliz&#8221; url=&#8221;https:\/\/www.google.com\/maps\/place\/35100+Bah%C3%ADa+Feliz,+Las+Palmas\/@27.7812694,-15.5226873,17z\/data=!3m1!4b1!4m5!3m4!1s0xc3f620b9ad774f3:0xb25f42d8ba2869d1!8m2!3d27.7808504!4d-15.5206944&#8243;][nectar_cta btn_style=&#8221;arrow-animation&#8221; heading_tag=&#8221;h5&#8243; text_color=&#8221;#1e83ec&#8221; button_color=&#8221;default&#8221; link_type=&#8221;regular&#8221; alignment=&#8221;left&#8221; display=&#8221;block&#8221; link_text=&#8221;Playa del Ingl\u00e9s&#8221; url=&#8221;https:\/\/www.google.com\/maps\/place\/Playa+del+Ingl%C3%A9s,+35100+Maspalomas,+Las+Palmas\/@27.7506091,-15.5863608,15z\/data=!3m1!4b1!4m5!3m4!1s0xc3f62b8cd025dbb:0x260340f4bc01cbc1!8m2!3d27.7607003!4d-15.5694703&#8243;][nectar_cta btn_style=&#8221;arrow-animation&#8221; heading_tag=&#8221;h5&#8243; text_color=&#8221;#1e83ec&#8221; button_color=&#8221;default&#8221; link_type=&#8221;regular&#8221; alignment=&#8221;left&#8221; display=&#8221;block&#8221; link_text=&#8221;Campo Internacional \/ Sonneland \/ Meloneras&#8221; url=&#8221;https:\/\/www.google.com\/maps\/place\/Campo+Internacional,+35100+Maspalomas,+Las+Palmas\/@27.7550107,-15.6001125,15z\/data=!3m1!4b1!4m5!3m4!1s0xc3f62b4fae97989:0x17108a19ede8a918!8m2!3d27.7523796!4d-15.5914071&#8243;][nectar_cta btn_style=&#8221;arrow-animation&#8221; heading_tag=&#8221;h5&#8243; text_color=&#8221;#1e83ec&#8221; button_color=&#8221;default&#8221; link_type=&#8221;regular&#8221; alignment=&#8221;left&#8221; display=&#8221;block&#8221; link_text=&#8221;Arguinegu\u00edn \/ Puerto Rico \/ Taurito&#8221; url=&#8221;https:\/\/www.google.com\/maps\/search\/Arguinegu%C3%ADn+%2F+Puerto+Rico+%2F+Taurito\/@27.7551637,-15.6613978,12z\/data=!3m1!4b1&#8243;][\/vc_column_inner][\/vc_row_inner][\/tab][tab icon_family=&#8221;iconsmind&#8221; title=&#8221;Anreise mit dem Auto&#8221; id=&#8221;1658150685374-2&#8243; icon_iconsmind=&#8221;iconsmind-Car-3&#8243; tab_id=&#8221;1658150685375-9&#8243;][vc_row_inner equal_height=&#8221;yes&#8221; content_placement=&#8221;top&#8221; column_margin=&#8221;90px&#8221; top_padding=&#8221;0&#8243; bottom_padding=&#8221;3%&#8221; text_align=&#8221;left&#8221;][vc_column_inner column_padding=&#8221;no-extra-padding&#8221; column_padding_position=&#8221;all&#8221; background_color_opacity=&#8221;1&#8243; background_hover_color_opacity=&#8221;1&#8243; column_shadow=&#8221;none&#8221; column_border_radius=&#8221;none&#8221; column_link_target=&#8221;_self&#8221; width=&#8221;1\/3&#8243; tablet_width_inherit=&#8221;default&#8221; overlay_strength=&#8221;0.3&#8243; column_border_width=&#8221;none&#8221; column_border_style=&#8221;solid&#8221; bg_image_animation=&#8221;none&#8221; offset=&#8221;vc_col-xs-12&#8243;][split_line_heading animation_type=&#8221;default&#8221; max_width=&#8221;275&#8243;]\n<h3>2 Stunden gratis parken<\/h3>\n[\/split_line_heading][vc_column_text css_animation=&#8221;none&#8221; css=&#8221;.vc_custom_1658144399194{margin-top: 15px !important;}&#8221; max_width=&#8221;500&#8243;]\n<p class=\"vc_custom_heading wpb_animate_when_almost_visible wpb_fadeIn fadeIn animated wpb_start_animation\">In der N\u00e4he des Boardingbereiches am Hafen gibt es eine private Parkzone. Das Einsteigen in das U-Boot erfolgt innerhalb dieses Bereichs.<\/p>\n<p>Wenn Sie mit Ihrem Auto anreisen, verlangen Sie beim <em>Check-in <\/em>ein Gratis-Parken-Ticket, das es Ihnen erm\u00f6glicht <strong>2 Stunden gratis zu parken<\/strong>. Da es in der Umgebung mehrere Parkzonen gibt, stellen wir Ihnen eine Karte zur Verf\u00fcgung, mit der Sie sich schnell und bequem richtig orientieren k\u00f6nnen.[\/vc_column_text][divider line_type=&#8221;No Line&#8221; custom_height=&#8221;10&#8243;][\/vc_column_inner][vc_column_inner column_padding=&#8221;no-extra-padding&#8221; column_padding_position=&#8221;all&#8221; background_color_opacity=&#8221;1&#8243; background_hover_color_opacity=&#8221;1&#8243; column_shadow=&#8221;none&#8221; column_border_radius=&#8221;none&#8221; column_link_target=&#8221;_self&#8221; width=&#8221;1\/12&#8243; tablet_width_inherit=&#8221;default&#8221; overlay_strength=&#8221;0.3&#8243; column_border_width=&#8221;none&#8221; column_border_style=&#8221;solid&#8221; bg_image_animation=&#8221;none&#8221;][\/vc_column_inner][vc_column_inner column_padding=&#8221;no-extra-padding&#8221; column_padding_position=&#8221;all&#8221; background_color_opacity=&#8221;1&#8243; background_hover_color_opacity=&#8221;1&#8243; column_shadow=&#8221;none&#8221; column_border_radius=&#8221;none&#8221; column_link_target=&#8221;_self&#8221; width=&#8221;7\/12&#8243; tablet_width_inherit=&#8221;default&#8221; overlay_strength=&#8221;0.3&#8243; column_border_width=&#8221;none&#8221; column_border_style=&#8221;solid&#8221; bg_image_animation=&#8221;none&#8221; offset=&#8221;vc_col-xs-12&#8243;][image_with_animation image_url=&#8221;8558&#8243; alignment=&#8221;&#8221; animation=&#8221;Fade In&#8221; hover_animation=&#8221;zoom-crop&#8221; border_radius=&#8221;none&#8221; box_shadow=&#8221;none&#8221; image_loading=&#8221;default&#8221; max_width=&#8221;100%&#8221; max_width_mobile=&#8221;default&#8221;][\/vc_column_inner][\/vc_row_inner][\/tab][tab icon_family=&#8221;iconsmind&#8221; title=&#8221;Stundenplan der Tauchg\u00e4nge&#8221; id=&#8221;1658150685573-0&#8243; icon_iconsmind=&#8221;iconsmind-Timer2&#8243; tab_id=&#8221;1658150685574-1&#8243;][vc_row_inner equal_height=&#8221;yes&#8221; content_placement=&#8221;top&#8221; column_margin=&#8221;90px&#8221; top_padding=&#8221;0&#8243; bottom_padding=&#8221;3%&#8221; text_align=&#8221;left&#8221;][vc_column_inner column_padding=&#8221;no-extra-padding&#8221; column_padding_position=&#8221;all&#8221; background_color_opacity=&#8221;1&#8243; background_hover_color_opacity=&#8221;1&#8243; column_shadow=&#8221;none&#8221; column_border_radius=&#8221;none&#8221; column_link_target=&#8221;_self&#8221; width=&#8221;5\/12&#8243; tablet_width_inherit=&#8221;default&#8221; overlay_strength=&#8221;0.3&#8243; column_border_width=&#8221;none&#8221; column_border_style=&#8221;solid&#8221; bg_image_animation=&#8221;none&#8221; offset=&#8221;vc_col-xs-12&#8243;][split_line_heading animation_type=&#8221;default&#8221; max_width=&#8221;275&#8243;]\n<h3>8 Tauchg\u00e4nge t\u00e4glich<\/h3>\n[\/split_line_heading][vc_column_text css_animation=&#8221;none&#8221; css=&#8221;.vc_custom_1657543985621{margin-top: 15px !important;}&#8221; max_width=&#8221;500&#8243;]\n<p class=\"vc_custom_heading wpb_animate_when_almost_visible wpb_fadeIn fadeIn animated wpb_start_animation\">Wir empfehlen Ihnen, Ihre Reservierung online vorzunehmen, um die Uhrzeit zu sichern, die Ihnen am besten passt.<\/p>\n[\/vc_column_text][divider line_type=&#8221;No Line&#8221; custom_height=&#8221;10&#8243;][vc_column_text css_animation=&#8221;none&#8221; css=&#8221;.vc_custom_1657544044812{margin-top: 15px !important;}&#8221; max_width=&#8221;500&#8243;]<em>* Wir haben ganzj\u00e4hrig jeden Tag ge\u00f6ffnet, au\u00dfer am 25. Dezember und 1. Januar.<\/em><\/p>\n<p><em>* Tauchpl\u00e4ne k\u00f6nnen sich aufgrund von Wetterbedingungen \u00e4ndern.<\/em><\/p>\n<p><em>* F\u00fcr die Durchf\u00fchrung der Aktivit\u00e4t ist eine Mindestanzahl an Passagieren pro Tauchgang erforderlich.<\/em>[\/vc_column_text][divider line_type=&#8221;No Line&#8221; custom_height=&#8221;10&#8243;][nectar_cta btn_style=&#8221;underline&#8221; heading_tag=&#8221;h6&#8243; text_color=&#8221;#000000&#8243; button_color=&#8221;default&#8221; link_type=&#8221;regular&#8221; alignment=&#8221;left&#8221; display=&#8221;block&#8221; link_text=&#8221;Umtausch- und R\u00fcckgaberecht&#8221; url=&#8221;http:\/\/test.atlantidasubmarine.2coders.com\/politica-de-cancelacion\/&#8221;][\/vc_column_inner][vc_column_inner column_padding=&#8221;no-extra-padding&#8221; column_padding_position=&#8221;all&#8221; background_color_opacity=&#8221;1&#8243; background_hover_color_opacity=&#8221;1&#8243; column_shadow=&#8221;none&#8221; column_border_radius=&#8221;none&#8221; column_link_target=&#8221;_self&#8221; width=&#8221;1\/12&#8243; tablet_width_inherit=&#8221;default&#8221; overlay_strength=&#8221;0.3&#8243; column_border_width=&#8221;none&#8221; column_border_style=&#8221;solid&#8221; bg_image_animation=&#8221;none&#8221;][\/vc_column_inner][vc_column_inner column_padding=&#8221;no-extra-padding&#8221; column_padding_position=&#8221;all&#8221; background_color_opacity=&#8221;1&#8243; background_hover_color_opacity=&#8221;1&#8243; column_shadow=&#8221;none&#8221; column_border_radius=&#8221;none&#8221; column_link_target=&#8221;_self&#8221; width=&#8221;1\/4&#8243; tablet_width_inherit=&#8221;default&#8221; overlay_strength=&#8221;0.3&#8243; column_border_width=&#8221;none&#8221; column_border_style=&#8221;solid&#8221; bg_image_animation=&#8221;none&#8221; offset=&#8221;vc_col-xs-6&#8243;][vc_column_text css=&#8221;.vc_custom_1587564526370{padding-top: 10px !important;padding-bottom: 10px !important;background-color: #ffffff !important;}&#8221;]\n<h3 style=\"text-align: center;\">10:00 h<\/h3>\n[\/vc_column_text][vc_column_text css=&#8221;.vc_custom_1587564543559{padding-top: 10px !important;padding-bottom: 10px !important;background-color: #ffffff !important;}&#8221;]\n<h3 style=\"text-align: center;\">12.00 h<\/h3>\n[\/vc_column_text][vc_column_text css=&#8221;.vc_custom_1587564559458{padding-top: 10px !important;padding-bottom: 10px !important;background-color: #ffffff !important;}&#8221;]\n<h3 style=\"text-align: center;\">14:00 h<\/h3>\n[\/vc_column_text][vc_column_text css=&#8221;.vc_custom_1587564575073{padding-top: 10px !important;padding-bottom: 10px !important;background-color: #ffffff !important;}&#8221;]\n<h3 style=\"text-align: center;\">16:20 h<\/h3>\n[\/vc_column_text][\/vc_column_inner][vc_column_inner column_padding=&#8221;no-extra-padding&#8221; column_padding_position=&#8221;all&#8221; background_color_opacity=&#8221;1&#8243; background_hover_color_opacity=&#8221;1&#8243; column_shadow=&#8221;none&#8221; column_border_radius=&#8221;none&#8221; column_link_target=&#8221;_self&#8221; width=&#8221;1\/4&#8243; tablet_width_inherit=&#8221;default&#8221; overlay_strength=&#8221;0.3&#8243; column_border_width=&#8221;none&#8221; column_border_style=&#8221;solid&#8221; bg_image_animation=&#8221;none&#8221; offset=&#8221;vc_col-xs-6&#8243;][vc_column_text css=&#8221;.vc_custom_1587564534861{padding-top: 10px !important;padding-bottom: 10px !important;background-color: #ffffff !important;}&#8221;]\n<h3 style=\"text-align: center;\">11:00 h<\/h3>\n[\/vc_column_text][vc_column_text css=&#8221;.vc_custom_1587564551220{padding-top: 10px !important;padding-bottom: 10px !important;background-color: #ffffff !important;}&#8221;]\n<h3 style=\"text-align: center;\">13:00 h<\/h3>\n[\/vc_column_text][vc_column_text css=&#8221;.vc_custom_1587564566716{padding-top: 10px !important;padding-bottom: 10px !important;background-color: #ffffff !important;}&#8221;]\n<h3 style=\"text-align: center;\">15:30 h<\/h3>\n[\/vc_column_text][vc_column_text css=&#8221;.vc_custom_1587564582410{padding-top: 10px !important;padding-bottom: 10px !important;background-color: #ffffff !important;}&#8221;]\n<h3 style=\"text-align: center;\">17:10 h<\/h3>\n[\/vc_column_text][\/vc_column_inner][\/vc_row_inner][\/tab][\/tabbed_section][\/vc_column][\/vc_row][vc_row type=&#8221;full_width_background&#8221; full_screen_row_position=&#8221;middle&#8221; column_margin=&#8221;default&#8221; bg_color=&#8221;#f6f6f6&#8243; scene_position=&#8221;center&#8221; text_color=&#8221;light&#8221; text_align=&#8221;left&#8221; overlay_strength=&#8221;0.95&#8243; shape_divider_position=&#8221;bottom&#8221; bg_image_animation=&#8221;none&#8221; shape_type=&#8221;&#8221;][vc_column column_padding=&#8221;no-extra-padding&#8221; column_padding_position=&#8221;all&#8221; background_color=&#8221;#f6f6f6&#8243; background_color_opacity=&#8221;1&#8243; background_hover_color_opacity=&#8221;1&#8243; column_link_target=&#8221;_self&#8221; column_shadow=&#8221;none&#8221; column_border_radius=&#8221;none&#8221; width=&#8221;1\/1&#8243; tablet_width_inherit=&#8221;default&#8221; tablet_text_alignment=&#8221;center&#8221; phone_text_alignment=&#8221;center&#8221; overlay_strength=&#8221;0.3&#8243; column_border_width=&#8221;none&#8221; column_border_style=&#8221;solid&#8221; bg_image_animation=&#8221;none&#8221;][divider line_type=&#8221;No Line&#8221; custom_height=&#8221;80&#8243;][\/vc_column][\/vc_row][vc_row type=&#8221;full_width_content&#8221; full_screen_row_position=&#8221;middle&#8221; equal_height=&#8221;yes&#8221; content_placement=&#8221;middle&#8221; column_margin=&#8221;default&#8221; bg_color=&#8221;#f6f6f6&#8243; scene_position=&#8221;center&#8221; text_color=&#8221;light&#8221; text_align=&#8221;left&#8221; overlay_strength=&#8221;0.95&#8243; shape_divider_position=&#8221;bottom&#8221; bg_image_animation=&#8221;none&#8221; shape_type=&#8221;&#8221;][vc_column column_padding=&#8221;no-extra-padding&#8221; column_padding_position=&#8221;all&#8221; background_color_opacity=&#8221;1&#8243; background_hover_color_opacity=&#8221;1&#8243; column_link_target=&#8221;_self&#8221; column_shadow=&#8221;none&#8221; column_border_radius=&#8221;none&#8221; width=&#8221;1\/6&#8243; tablet_width_inherit=&#8221;default&#8221; tablet_text_alignment=&#8221;center&#8221; phone_text_alignment=&#8221;center&#8221; overlay_strength=&#8221;0.3&#8243; column_border_width=&#8221;none&#8221; column_border_style=&#8221;solid&#8221; bg_image_animation=&#8221;none&#8221;][\/vc_column][vc_column column_padding=&#8221;padding-5-percent&#8221; column_padding_position=&#8221;all&#8221; background_color=&#8221;#1b54d1&#8243; background_color_opacity=&#8221;0.5&#8243; background_color_hover=&#8221;#2556a9&#8243; background_hover_color_opacity=&#8221;0.7&#8243; background_image=&#8221;626&#8243; column_link_target=&#8221;_self&#8221; column_shadow=&#8221;none&#8221; column_border_radius=&#8221;none&#8221; top_margin=&#8221;-100&#8243; width=&#8221;2\/3&#8243; tablet_width_inherit=&#8221;default&#8221; tablet_text_alignment=&#8221;default&#8221; phone_text_alignment=&#8221;default&#8221; overlay_strength=&#8221;0.3&#8243; column_border_width=&#8221;none&#8221; column_border_style=&#8221;solid&#8221; bg_image_animation=&#8221;none&#8221; offset=&#8221;vc_hidden-sm&#8221;][nectar_highlighted_text color_type=&#8221;regular&#8221; highlight_color=&#8221;#ff1053&#8243; style=&#8221;half_text&#8221;]\n<h2>Noch Fragen?<\/h2>\n[\/nectar_highlighted_text][nectar_cta btn_style=&#8221;arrow-animation&#8221; heading_tag=&#8221;h5&#8243; text_color=&#8221;#ffffff&#8221; button_color=&#8221;default&#8221; link_type=&#8221;regular&#8221; alignment=&#8221;left&#8221; display=&#8221;block&#8221; link_text=&#8221;Schauen Sie auch in unsere h\u00e4ufig gestellten Fragen&#8221; url=&#8221;http:\/\/test.atlantidasubmarine.2coders.com\/faqs\/&#8221; margin_bottom=&#8221;30&#8243; margin_top=&#8221;10&#8243;][\/vc_column][vc_column column_padding=&#8221;no-extra-padding&#8221; column_padding_position=&#8221;all&#8221; background_color_opacity=&#8221;1&#8243; background_hover_color_opacity=&#8221;1&#8243; column_link_target=&#8221;_self&#8221; column_shadow=&#8221;none&#8221; column_border_radius=&#8221;none&#8221; width=&#8221;1\/6&#8243; tablet_width_inherit=&#8221;default&#8221; tablet_text_alignment=&#8221;default&#8221; phone_text_alignment=&#8221;default&#8221; overlay_strength=&#8221;0.3&#8243; column_border_width=&#8221;none&#8221; column_border_style=&#8221;solid&#8221; bg_image_animation=&#8221;none&#8221;][\/vc_column][\/vc_row][vc_row type=&#8221;full_width_background&#8221; full_screen_row_position=&#8221;middle&#8221; column_margin=&#8221;default&#8221; bg_color=&#8221;#f6f6f6&#8243; scene_position=&#8221;center&#8221; text_color=&#8221;light&#8221; text_align=&#8221;left&#8221; overlay_strength=&#8221;0.95&#8243; shape_divider_position=&#8221;bottom&#8221; bg_image_animation=&#8221;none&#8221; shape_type=&#8221;&#8221;][vc_column column_padding=&#8221;no-extra-padding&#8221; column_padding_position=&#8221;all&#8221; background_color=&#8221;#f6f6f6&#8243; background_color_opacity=&#8221;1&#8243; background_hover_color_opacity=&#8221;1&#8243; column_link_target=&#8221;_self&#8221; column_shadow=&#8221;none&#8221; column_border_radius=&#8221;none&#8221; width=&#8221;1\/1&#8243; tablet_width_inherit=&#8221;default&#8221; tablet_text_alignment=&#8221;center&#8221; phone_text_alignment=&#8221;center&#8221; overlay_strength=&#8221;0.3&#8243; column_border_width=&#8221;none&#8221; column_border_style=&#8221;solid&#8221; bg_image_animation=&#8221;none&#8221; offset=&#8221;vc_hidden-xs&#8221;][divider line_type=&#8221;No Line&#8221; custom_height=&#8221;80&#8243;][\/vc_column][\/vc_row]\n","protected":false},"excerpt":{"rendered":"<p>[vc_row type=&#8221;full_width_background&#8221; full_screen_row_position=&#8221;middle&#8221; column_margin=&#8221;default&#8221; bg_color=&#8221;#f6f6f6&#8243; scene_position=&#8221;center&#8221; text_color=&#8221;dark&#8221; text_align=&#8221;left&#8221; overlay_strength=&#8221;0.3&#8243; shape_divider_position=&#8221;bottom&#8221; bg_image_animation=&#8221;none&#8221; shape_type=&#8221;&#8221;][vc_column column_padding=&#8221;no-extra-padding&#8221; column_padding_position=&#8221;left&#8221; background_color_opacity=&#8221;1&#8243; background_hover_color_opacity=&#8221;1&#8243; column_link_target=&#8221;_self&#8221; column_shadow=&#8221;none&#8221; column_border_radius=&#8221;none&#8221; width=&#8221;1\/1&#8243; tablet_width_inherit=&#8221;default&#8221; tablet_text_alignment=&#8221;default&#8221; phone_text_alignment=&#8221;default&#8221; overlay_strength=&#8221;0.3&#8243; column_border_width=&#8221;none&#8221; column_border_style=&#8221;solid&#8221; bg_image_animation=&#8221;none&#8221;][tabbed_section style=&#8221;minimal_flexible&#8221; tab_color=&#8221;Accent-Color&#8221; icon_size=&#8221;24&#8243;][tab&#8230;<\/p>\n","protected":false},"author":1,"featured_media":0,"parent":0,"menu_order":3,"comment_status":"closed","ping_status":"closed","template":"","meta":{"om_disable_all_campaigns":false,"footnotes":""},"class_list":["post-8851","page","type-page","status-publish"],"_links":{"self":[{"href":"https:\/\/atlantidasubmarine.com\/de\/wp-json\/wp\/v2\/pages\/8851","targetHints":{"allow":["GET"]}}],"collection":[{"href":"https:\/\/atlantidasubmarine.com\/de\/wp-json\/wp\/v2\/pages"}],"about":[{"href":"https:\/\/atlantidasubmarine.com\/de\/wp-json\/wp\/v2\/types\/page"}],"author":[{"embeddable":true,"href":"https:\/\/atlantidasubmarine.com\/de\/wp-json\/wp\/v2\/users\/1"}],"replies":[{"embeddable":true,"href":"https:\/\/atlantidasubmarine.com\/de\/wp-json\/wp\/v2\/comments?post=8851"}],"version-history":[{"count":7,"href":"https:\/\/atlantidasubmarine.com\/de\/wp-json\/wp\/v2\/pages\/8851\/revisions"}],"predecessor-version":[{"id":9096,"href":"https:\/\/atlantidasubmarine.com\/de\/wp-json\/wp\/v2\/pages\/8851\/revisions\/9096"}],"wp:attachment":[{"href":"https:\/\/atlantidasubmarine.com\/de\/wp-json\/wp\/v2\/media?parent=8851"}],"curies":[{"name":"wp","href":"https:\/\/api.w.org\/{rel}","templated":true}]}}