{"id":9301,"date":"2023-07-21T13:40:22","date_gmt":"2023-07-21T13:40:22","guid":{"rendered":"https:\/\/atlantidasubmarine.com\/bitte-bewerten-sie\/"},"modified":"2023-07-31T09:04:52","modified_gmt":"2023-07-31T09:04:52","slug":"bitte-bewerten-sie","status":"publish","type":"page","link":"https:\/\/atlantidasubmarine.com\/de\/bitte-bewerten-sie\/","title":{"rendered":"Ihre Meinung ist uns wichtig"},"content":{"rendered":"[vc_row type=&#8221;in_container&#8221; full_screen_row_position=&#8221;middle&#8221; column_margin=&#8221;default&#8221; scene_position=&#8221;center&#8221; text_color=&#8221;dark&#8221; text_align=&#8221;left&#8221; class=&#8221;form-opinion&#8221; overlay_strength=&#8221;0.3&#8243; shape_divider_position=&#8221;bottom&#8221; bg_image_animation=&#8221;none&#8221; shape_type=&#8221;&#8221;][vc_column column_padding=&#8221;no-extra-padding&#8221; column_padding_position=&#8221;all&#8221; background_color_opacity=&#8221;1&#8243; background_hover_color_opacity=&#8221;1&#8243; column_link_target=&#8221;_self&#8221; column_shadow=&#8221;none&#8221; column_border_radius=&#8221;none&#8221; width=&#8221;1\/2&#8243; tablet_width_inherit=&#8221;default&#8221; tablet_text_alignment=&#8221;default&#8221; phone_text_alignment=&#8221;default&#8221; overlay_strength=&#8221;0.3&#8243; column_border_width=&#8221;none&#8221; column_border_style=&#8221;solid&#8221; bg_image_animation=&#8221;none&#8221;]\n<div class=\"wpcf7 no-js\" id=\"wpcf7-f9303-o1\" lang=\"de-DE\" dir=\"ltr\" data-wpcf7-id=\"9303\">\n<div class=\"screen-reader-response\"><p role=\"status\" aria-live=\"polite\" aria-atomic=\"true\"><\/p> <ul><\/ul><\/div>\n<form action=\"\/de\/wp-json\/wp\/v2\/pages\/9301#wpcf7-f9303-o1\" method=\"post\" class=\"wpcf7-form init\" aria-label=\"Kontaktformular\" novalidate=\"novalidate\" data-status=\"init\">\n<fieldset class=\"hidden-fields-container\"><input type=\"hidden\" name=\"_wpcf7\" value=\"9303\" \/><input type=\"hidden\" name=\"_wpcf7_version\" value=\"6.1.4\" \/><input type=\"hidden\" name=\"_wpcf7_locale\" value=\"de_DE\" \/><input type=\"hidden\" name=\"_wpcf7_unit_tag\" value=\"wpcf7-f9303-o1\" \/><input type=\"hidden\" name=\"_wpcf7_container_post\" value=\"0\" \/><input type=\"hidden\" name=\"_wpcf7_posted_data_hash\" value=\"\" \/><input type=\"hidden\" name=\"_wpcf7_recaptcha_response\" value=\"\" \/>\n<\/fieldset>\n<p><label>Ihr Gesamterlebnis bei Submarine Adventure.<br \/>\n<div target_pos=\"experiencia-global\" max_size=\"5\" class=\"star_rating_class\"  cancel-btn=\"0\"  ><\/div><span  class=\"wpcf7-form-control-wrap experiencia-global\"><input type=\"hidden\" name=\"experiencia-global\" class=\"custom_radio_class experiencia-global\" value=\"\"\/><\/span> <\/label>\n<\/p>\n<p><label>Der Komfort des Inneren des U-Boots<br \/>\n<div target_pos=\"comodidad-interior\" max_size=\"5\" class=\"star_rating_class\"  cancel-btn=\"0\"  ><\/div><span  class=\"wpcf7-form-control-wrap comodidad-interior\"><input type=\"hidden\" name=\"comodidad-interior\" class=\"custom_radio_class comodidad-interior\" value=\"\"\/><\/span> <\/label>\n<\/p>\n<p><label>Die Qualit\u00e4t der Informationen im Audioguide.<br \/>\n<div target_pos=\"calidad-informacion\" max_size=\"5\" class=\"star_rating_class\"  cancel-btn=\"0\"  ><\/div><span  class=\"wpcf7-form-control-wrap calidad-informacion\"><input type=\"hidden\" name=\"calidad-informacion\" class=\"custom_radio_class calidad-informacion\" value=\"\"\/><\/span> <\/label>\n<\/p>\n<p><label>Die Freundlichkeit unserer Kundendienstmitarbeiter.<br \/>\n<div target_pos=\"amabilidad-personal\" max_size=\"5\" class=\"star_rating_class\"  cancel-btn=\"0\"  ><\/div><span  class=\"wpcf7-form-control-wrap amabilidad-personal\"><input type=\"hidden\" name=\"amabilidad-personal\" class=\"custom_radio_class amabilidad-personal\" value=\"\"\/><\/span> <\/label>\n<\/p>\n<p><label>Die Freundlichkeit unserer Crew.<br \/>\n<div target_pos=\"amabilidad-tripulacion\" max_size=\"5\" class=\"star_rating_class\"  cancel-btn=\"0\"  ><\/div><span  class=\"wpcf7-form-control-wrap amabilidad-tripulacion\"><input type=\"hidden\" name=\"amabilidad-tripulacion\" class=\"custom_radio_class amabilidad-tripulacion\" value=\"\"\/><\/span> <\/label>\n<\/p>\n<p><label>Unser kostenloser Busservice, wenn Sie ihn genutzt haben.<br \/>\n<div target_pos=\"servicio-autobus\" max_size=\"5\" class=\"star_rating_class\"  cancel-btn=\"0\"  ><\/div><span  class=\"wpcf7-form-control-wrap servicio-autobus\"><input type=\"hidden\" name=\"servicio-autobus\" class=\"custom_radio_class servicio-autobus\" value=\"\"\/><\/span> <\/label>\n<\/p>\n<p><label>W\u00fcrden Sie unsere Erfahrung weiter empfehlen?<br \/>\n<span class=\"wpcf7-form-control-wrap\" data-name=\"recomendarias-experiencia\"><span class=\"wpcf7-form-control wpcf7-radio\"><span class=\"wpcf7-list-item first\"><label><input type=\"radio\" name=\"recomendarias-experiencia\" value=\"S\u00ed\" checked=\"checked\" \/><span class=\"wpcf7-list-item-label\">S\u00ed<\/span><\/label><\/span><span class=\"wpcf7-list-item last\"><label><input type=\"radio\" name=\"recomendarias-experiencia\" value=\"No\" \/><span class=\"wpcf7-list-item-label\">No<\/span><\/label><\/span><\/span><\/span> <\/label>\n<\/p>\n<p><label>Bitte hinterlassen Sie uns Ihre Kommentare und Verbesserungsvorschl\u00e4ge.<br \/>\n<span class=\"wpcf7-form-control-wrap\" data-name=\"recomendarias-otros\"><textarea cols=\"40\" rows=\"10\" maxlength=\"2000\" class=\"wpcf7-form-control wpcf7-textarea\" aria-invalid=\"false\" name=\"recomendarias-otros\"><\/textarea><\/span> <\/label>\n<\/p>\n<p style=\"font-size:11px;\">ATLANTIDA SUBMARINE, S.L., mit C.I.F. B-35454529, informiert Sie in \u00dcbereinstimmung mit den Artikeln 12 und 13 der europ\u00e4ischen Datenschutzverordnung 679\/2016 vom 27. April (RGPD) und den Artikeln 5, 6 und 11 des Organgesetzes 3\/2018 vom 5. Dezember \u00fcber den Schutz personenbezogener Daten und die Gew\u00e4hrleistung digitaler Rechte (LOPDGDD) bez\u00fcglich der Verarbeitung und der Geheimhaltungspflicht, dass die personenbezogenen Daten, die Sie uns zur Verf\u00fcgung gestellt haben, von ATLANTIDA SUBMARINE, S.L. verarbeitet werden, als f\u00fcr die Datenverarbeitung Verantwortlicher zum Zwecke der Gesch\u00e4ftsbeziehungen, zur Erf\u00fcllung der Verpflichtungen zwischen den Parteien, zur Verwaltung im Zusammenhang mit der Vorvertrags-\/Vertragsabwicklung, zur Aufrechterhaltung der vorvertraglichen\/vertraglichen Beziehung und zur internen Unternehmens-\/Kundenverwaltung \/ zum Zwecke der Durchf\u00fchrung aller Verfahren im Zusammenhang mit der eingereichten Anfrage\/Bewerbung.\n<\/p>\n<p style=\"font-size:11px;\">Durch das Lesen und Best\u00e4tigen dieses Dokuments erkl\u00e4ren Sie sich ausdr\u00fccklich damit einverstanden und erm\u00e4chtigen ATLANTIDA SUBMARINE, S.L. zur Verwaltung und Verarbeitung Ihrer pers\u00f6nlichen Daten f\u00fcr die oben genannten Zwecke. Es werden keine Daten an Dritte weitergegeben, au\u00dfer es besteht die gesetzliche Verpflichtung dazu. Die Rechte, die Sie haben, sind das Recht, eine Beschwerde bei einer Aufsichtsbeh\u00f6rde einzureichen, das Recht auf Zugang, Berichtigung, L\u00f6schung, Einschr\u00e4nkung oder Widerspruch gegen die Verarbeitung (ARCO RIGHTS), Transparenz der Informationen, L\u00f6schung (Recht auf Vergessenwerden), \u00dcbertragbarkeit Ihrer pers\u00f6nlichen Daten, nach Nachweis ihrer Identit\u00e4t durch eine Anfrage\/einen Antrag, die\/der per Post\/E-Mail an die Post-\/E-Mail-Adresse des Unternehmens mit der Anschrift Calle Subida A Los Riscos, Nummer 2\u00ba - Playa de Mog\u00e1n, Postleitzahl 35138, Mog\u00e1n- Las Palmas gesendet wird.\n<\/p>\n<p style=\"font-size:11px;\">ATLANTIDA SUBMARINE, S.L. garantiert den Schutz\/Privatisierung Ihrer pers\u00f6nlichen Daten, die ordnungsgem\u00e4\u00dfe Verwendung der pers\u00f6nlichen Informationen, die vollst\u00e4ndige Vertraulichkeit der pers\u00f6nlichen Daten sowie die vollst\u00e4ndige Einhaltung der Verpflichtungen zum Schutz der pers\u00f6nlichen Daten.\n<\/p>\n<p><input class=\"wpcf7-form-control wpcf7-submit has-spinner\" type=\"submit\" value=\"Absenden\" \/>\n<\/p><input type=\"hidden\" id=\"ct_checkjs_cf7_ede7e2b6d13a41ddf9f4bdef84fdc737\" name=\"ct_checkjs_cf7\" value=\"0\" \/><script >setTimeout(function(){var ct_input_name = \"ct_checkjs_cf7_ede7e2b6d13a41ddf9f4bdef84fdc737\";if (document.getElementById(ct_input_name) !== null) {var ct_input_value = document.getElementById(ct_input_name).value;document.getElementById(ct_input_name).value = document.getElementById(ct_input_name).value.replace(ct_input_value, '448658675');}}, 1000);<\/script><input\n                    class=\"apbct_special_field apbct_email_id__wp_contact_form_7\"\n                    name=\"apbct__email_id__wp_contact_form_7\"\n                    aria-label=\"apbct__label_id__wp_contact_form_7\"\n                    type=\"text\" size=\"30\" maxlength=\"200\" autocomplete=\"off\"\n                    value=\"\"\n                \/><input type='hidden' class='wpcf7-pum' value='{\"closepopup\":false,\"closedelay\":0,\"openpopup\":false,\"openpopup_id\":0}' \/><div class=\"wpcf7-response-output\" aria-hidden=\"true\"><\/div>\n<\/form>\n<\/div>\n[\/vc_column][vc_column column_padding=&#8221;no-extra-padding&#8221; column_padding_position=&#8221;all&#8221; background_color_opacity=&#8221;1&#8243; background_hover_color_opacity=&#8221;1&#8243; column_link_target=&#8221;_self&#8221; column_shadow=&#8221;none&#8221; column_border_radius=&#8221;none&#8221; width=&#8221;1\/2&#8243; tablet_width_inherit=&#8221;default&#8221; tablet_text_alignment=&#8221;default&#8221; phone_text_alignment=&#8221;default&#8221; overlay_strength=&#8221;0.3&#8243; column_border_width=&#8221;none&#8221; column_border_style=&#8221;solid&#8221; bg_image_animation=&#8221;none&#8221;][image_with_animation image_url=&#8221;8133&#8243; alignment=&#8221;&#8221; animation=&#8221;Fade In&#8221; hover_animation=&#8221;none&#8221; border_radius=&#8221;none&#8221; box_shadow=&#8221;none&#8221; image_loading=&#8221;default&#8221; max_width=&#8221;100%&#8221; max_width_mobile=&#8221;default&#8221;][\/vc_column][\/vc_row]\n","protected":false},"excerpt":{"rendered":"<p>[vc_row type=&#8221;in_container&#8221; full_screen_row_position=&#8221;middle&#8221; column_margin=&#8221;default&#8221; scene_position=&#8221;center&#8221; text_color=&#8221;dark&#8221; text_align=&#8221;left&#8221; class=&#8221;form-opinion&#8221; overlay_strength=&#8221;0.3&#8243; shape_divider_position=&#8221;bottom&#8221; bg_image_animation=&#8221;none&#8221; shape_type=&#8221;&#8221;][vc_column column_padding=&#8221;no-extra-padding&#8221; column_padding_position=&#8221;all&#8221; background_color_opacity=&#8221;1&#8243; background_hover_color_opacity=&#8221;1&#8243; column_link_target=&#8221;_self&#8221; column_shadow=&#8221;none&#8221; column_border_radius=&#8221;none&#8221; width=&#8221;1\/2&#8243; tablet_width_inherit=&#8221;default&#8221; tablet_text_alignment=&#8221;default&#8221; phone_text_alignment=&#8221;default&#8221; overlay_strength=&#8221;0.3&#8243; column_border_width=&#8221;none&#8221; column_border_style=&#8221;solid&#8221; bg_image_animation=&#8221;none&#8221;][\/vc_column][vc_column column_padding=&#8221;no-extra-padding&#8221; column_padding_position=&#8221;all&#8221; background_color_opacity=&#8221;1&#8243;&#8230;<\/p>\n","protected":false},"author":1,"featured_media":0,"parent":0,"menu_order":0,"comment_status":"closed","ping_status":"closed","template":"","meta":{"om_disable_all_campaigns":false,"footnotes":""},"class_list":["post-9301","page","type-page","status-publish"],"_links":{"self":[{"href":"https:\/\/atlantidasubmarine.com\/de\/wp-json\/wp\/v2\/pages\/9301","targetHints":{"allow":["GET"]}}],"collection":[{"href":"https:\/\/atlantidasubmarine.com\/de\/wp-json\/wp\/v2\/pages"}],"about":[{"href":"https:\/\/atlantidasubmarine.com\/de\/wp-json\/wp\/v2\/types\/page"}],"author":[{"embeddable":true,"href":"https:\/\/atlantidasubmarine.com\/de\/wp-json\/wp\/v2\/users\/1"}],"replies":[{"embeddable":true,"href":"https:\/\/atlantidasubmarine.com\/de\/wp-json\/wp\/v2\/comments?post=9301"}],"version-history":[{"count":2,"href":"https:\/\/atlantidasubmarine.com\/de\/wp-json\/wp\/v2\/pages\/9301\/revisions"}],"predecessor-version":[{"id":9329,"href":"https:\/\/atlantidasubmarine.com\/de\/wp-json\/wp\/v2\/pages\/9301\/revisions\/9329"}],"wp:attachment":[{"href":"https:\/\/atlantidasubmarine.com\/de\/wp-json\/wp\/v2\/media?parent=9301"}],"curies":[{"name":"wp","href":"https:\/\/api.w.org\/{rel}","templated":true}]}}